{"id":34806,"date":"2025-07-07T17:40:12","date_gmt":"2025-07-07T09:40:12","guid":{"rendered":"http:\/\/45.63.70.205\/?post_type=product&#038;p=34806"},"modified":"2025-07-07T17:41:39","modified_gmt":"2025-07-07T09:41:39","slug":"20cm-flexible-pink-ruler-ideal-for-girls","status":"publish","type":"product","link":"http:\/\/shinyyoustationery.com\/pl\/20cm-flexible-pink-ruler-ideal-for-girls\/","title":{"rendered":"Elastyczna r\u00f3\u017cowa linijka 20 cm - idealna dla dziewczynek"},"content":{"rendered":"","protected":false},"excerpt":{"rendered":"<p>Elastyczna linijka Shiny You 20 CM w jasnor\u00f3\u017cowym kolorze to zabawny i funkcjonalny dodatek do artyku\u0142\u00f3w pi\u015bmienniczych! Zaprojektowana z my\u015bl\u0105 o dziewcz\u0119tach, ta stylowa, zginana linijka jest idealna do pracy w szkole, pisania dziennik\u00f3w i kreatywnych projekt\u00f3w. Jej lekka, niet\u0142uk\u0105ca si\u0119 konstrukcja sprawia, \u017ce jest \u0142atwa do przenoszenia i bezpieczna w u\u017cyciu - idealna do plecak\u00f3w, pi\u00f3rnik\u00f3w i codziennego u\u017cytku.<\/p>","protected":false},"featured_media":34807,"template":"","meta":[],"product_brand":[],"product_cat":[475,397,424],"product_tag":[],"class_list":{"0":"post-34806","1":"product","2":"type-product","3":"status-publish","4":"has-post-thumbnail","6":"product_cat-rulers-measuring-tools","7":"product_cat-basic-office-stationery","8":"product_cat-straight-ruler","10":"first","11":"instock","12":"shipping-taxable","13":"product-type-simple"},"_links":{"self":[{"href":"http:\/\/shinyyoustationery.com\/pl\/wp-json\/wp\/v2\/product\/34806","targetHints":{"allow":["GET"]}}],"collection":[{"href":"http:\/\/shinyyoustationery.com\/pl\/wp-json\/wp\/v2\/product"}],"about":[{"href":"http:\/\/shinyyoustationery.com\/pl\/wp-json\/wp\/v2\/types\/product"}],"version-history":[{"count":0,"href":"http:\/\/shinyyoustationery.com\/pl\/wp-json\/wp\/v2\/product\/34806\/revisions"}],"wp:featuredmedia":[{"embeddable":true,"href":"http:\/\/shinyyoustationery.com\/pl\/wp-json\/wp\/v2\/media\/34807"}],"wp:attachment":[{"href":"http:\/\/shinyyoustationery.com\/pl\/wp-json\/wp\/v2\/media?parent=34806"}],"wp:term":[{"taxonomy":"product_brand","embeddable":true,"href":"http:\/\/shinyyoustationery.com\/pl\/wp-json\/wp\/v2\/product_brand?post=34806"},{"taxonomy":"product_cat","embeddable":true,"href":"http:\/\/shinyyoustationery.com\/pl\/wp-json\/wp\/v2\/product_cat?post=34806"},{"taxonomy":"product_tag","embeddable":true,"href":"http:\/\/shinyyoustationery.com\/pl\/wp-json\/wp\/v2\/product_tag?post=34806"}],"curies":[{"name":"wp","href":"https:\/\/api.w.org\/{rel}","templated":true}]}}