{"id":34831,"date":"2025-07-07T19:44:49","date_gmt":"2025-07-07T11:44:49","guid":{"rendered":"http:\/\/45.63.70.205\/?post_type=product&#038;p=34831"},"modified":"2025-07-07T19:51:23","modified_gmt":"2025-07-07T11:51:23","slug":"custom-coloured-embossed-effect-invitation-envelope-perfect-for-weddings-events-and-gifts","status":"publish","type":"product","link":"http:\/\/shinyyoustationery.com\/pl\/custom-coloured-embossed-effect-invitation-envelope-perfect-for-weddings-events-and-gifts\/","title":{"rendered":"Niestandardowa kolorowa koperta z wyt\u0142oczonym efektem idealna na wesela, imprezy i prezenty"},"content":{"rendered":"","protected":false},"excerpt":{"rendered":"<p>Te luksusowe koperty z wyt\u0142oczonym monogramem, dost\u0119pne w kolorze r\u00f3\u017cowym, pomara\u0144czowym i turkusowym, s\u0105 idealnym dodatkiem do zaprosze\u0144 \u015blubnych lub papeterii okoliczno\u015bciowej. Dzi\u0119ki skomplikowanym, wypuk\u0142ym wzorom i mi\u0119kkiemu, matowemu wyko\u0144czeniu, koperty te stanowi\u0105 wyrafinowany i elegancki dodatek do wa\u017cnych og\u0142osze\u0144.<\/p>","protected":false},"featured_media":34834,"template":"","meta":[],"product_brand":[],"product_cat":[390,674,665],"product_tag":[],"class_list":{"0":"post-34831","1":"product","2":"type-product","3":"status-publish","4":"has-post-thumbnail","6":"product_cat-envelopes","7":"product_cat-office-paper","8":"product_cat-school-paper","10":"first","11":"instock","12":"shipping-taxable","13":"product-type-simple"},"_links":{"self":[{"href":"http:\/\/shinyyoustationery.com\/pl\/wp-json\/wp\/v2\/product\/34831","targetHints":{"allow":["GET"]}}],"collection":[{"href":"http:\/\/shinyyoustationery.com\/pl\/wp-json\/wp\/v2\/product"}],"about":[{"href":"http:\/\/shinyyoustationery.com\/pl\/wp-json\/wp\/v2\/types\/product"}],"version-history":[{"count":0,"href":"http:\/\/shinyyoustationery.com\/pl\/wp-json\/wp\/v2\/product\/34831\/revisions"}],"wp:featuredmedia":[{"embeddable":true,"href":"http:\/\/shinyyoustationery.com\/pl\/wp-json\/wp\/v2\/media\/34834"}],"wp:attachment":[{"href":"http:\/\/shinyyoustationery.com\/pl\/wp-json\/wp\/v2\/media?parent=34831"}],"wp:term":[{"taxonomy":"product_brand","embeddable":true,"href":"http:\/\/shinyyoustationery.com\/pl\/wp-json\/wp\/v2\/product_brand?post=34831"},{"taxonomy":"product_cat","embeddable":true,"href":"http:\/\/shinyyoustationery.com\/pl\/wp-json\/wp\/v2\/product_cat?post=34831"},{"taxonomy":"product_tag","embeddable":true,"href":"http:\/\/shinyyoustationery.com\/pl\/wp-json\/wp\/v2\/product_tag?post=34831"}],"curies":[{"name":"wp","href":"https:\/\/api.w.org\/{rel}","templated":true}]}}