{"id":34847,"date":"2025-07-08T10:50:46","date_gmt":"2025-07-08T02:50:46","guid":{"rendered":"http:\/\/45.63.70.205\/?post_type=product&#038;p=34847"},"modified":"2025-07-08T10:50:46","modified_gmt":"2025-07-08T02:50:46","slug":"wholesale-a4-printer-paper-80-gsm-multi-purpose-office-copy-paper","status":"publish","type":"product","link":"http:\/\/shinyyoustationery.com\/pl\/wholesale-a4-printer-paper-80-gsm-multi-purpose-office-copy-paper\/","title":{"rendered":"Hurtownia papieru do drukarek A4 80 Gsm Uniwersalny papier biurowy do kopiowania"},"content":{"rendered":"","protected":false},"excerpt":{"rendered":"<p>Ten papier A4 jest idealny do wszystkich zastosowa\u0144 biurowych i domowych. Gramatura 80 GSM i g\u0142adka, wielofunkcyjna konstrukcja zapewniaj\u0105 wyra\u017ane, wyra\u017ane wydruki za ka\u017cdym razem. Ka\u017cde opakowanie zawiera wiele ryz, dzi\u0119ki czemu jest to ekonomiczny wyb\u00f3r do u\u017cytku masowego. Idealny do drukarek, kopiarek i nie tylko, ten wysokiej jako\u015bci papier jest niezawodnym rozwi\u0105zaniem do codziennych zada\u0144 drukowania.<\/p>","protected":false},"featured_media":34849,"template":"","meta":[],"product_brand":[],"product_cat":[389,384,674],"product_tag":[],"class_list":{"0":"post-34847","1":"product","2":"type-product","3":"status-publish","4":"has-post-thumbnail","6":"product_cat-printer-paper","7":"product_cat-paper-supplies","8":"product_cat-office-paper","10":"first","11":"instock","12":"shipping-taxable","13":"product-type-simple"},"_links":{"self":[{"href":"http:\/\/shinyyoustationery.com\/pl\/wp-json\/wp\/v2\/product\/34847","targetHints":{"allow":["GET"]}}],"collection":[{"href":"http:\/\/shinyyoustationery.com\/pl\/wp-json\/wp\/v2\/product"}],"about":[{"href":"http:\/\/shinyyoustationery.com\/pl\/wp-json\/wp\/v2\/types\/product"}],"version-history":[{"count":0,"href":"http:\/\/shinyyoustationery.com\/pl\/wp-json\/wp\/v2\/product\/34847\/revisions"}],"wp:featuredmedia":[{"embeddable":true,"href":"http:\/\/shinyyoustationery.com\/pl\/wp-json\/wp\/v2\/media\/34849"}],"wp:attachment":[{"href":"http:\/\/shinyyoustationery.com\/pl\/wp-json\/wp\/v2\/media?parent=34847"}],"wp:term":[{"taxonomy":"product_brand","embeddable":true,"href":"http:\/\/shinyyoustationery.com\/pl\/wp-json\/wp\/v2\/product_brand?post=34847"},{"taxonomy":"product_cat","embeddable":true,"href":"http:\/\/shinyyoustationery.com\/pl\/wp-json\/wp\/v2\/product_cat?post=34847"},{"taxonomy":"product_tag","embeddable":true,"href":"http:\/\/shinyyoustationery.com\/pl\/wp-json\/wp\/v2\/product_tag?post=34847"}],"curies":[{"name":"wp","href":"https:\/\/api.w.org\/{rel}","templated":true}]}}