{"id":34869,"date":"2025-07-08T14:32:19","date_gmt":"2025-07-08T06:32:19","guid":{"rendered":"http:\/\/45.63.70.205\/?post_type=product&#038;p=34869"},"modified":"2025-07-08T14:32:19","modified_gmt":"2025-07-08T06:32:19","slug":"vibrant-pink-a4-ring-binder-for-office-school","status":"publish","type":"product","link":"http:\/\/shinyyoustationery.com\/pl\/vibrant-pink-a4-ring-binder-for-office-school\/","title":{"rendered":"R\u00f3\u017cowy segregator A4 do biura i szko\u0142y"},"content":{"rendered":"","protected":false},"excerpt":{"rendered":"<p>Ten przyci\u0105gaj\u0105cy wzrok, gor\u0105cy r\u00f3\u017cowy segregator A4 jest idealny do organizowania dokument\u00f3w w szkole, pracy lub domu. Dzi\u0119ki wytrzyma\u0142ej i eleganckiej konstrukcji pomaga utrzyma\u0107 porz\u0105dek i dost\u0119pno\u015b\u0107 dokument\u00f3w, dodaj\u0105c jednocze\u015bnie odrobin\u0119 koloru do miejsca pracy. Idealny dla profesjonalist\u00f3w, student\u00f3w i ka\u017cdego, kto chce wnie\u015b\u0107 odrobin\u0119 jasno\u015bci do swoich codziennych zada\u0144.<\/p>","protected":false},"featured_media":34870,"template":"","meta":[],"product_brand":[],"product_cat":[413],"product_tag":[],"class_list":{"0":"post-34869","1":"product","2":"type-product","3":"status-publish","4":"has-post-thumbnail","6":"product_cat-ring-binder","8":"first","9":"instock","10":"shipping-taxable","11":"product-type-simple"},"_links":{"self":[{"href":"http:\/\/shinyyoustationery.com\/pl\/wp-json\/wp\/v2\/product\/34869","targetHints":{"allow":["GET"]}}],"collection":[{"href":"http:\/\/shinyyoustationery.com\/pl\/wp-json\/wp\/v2\/product"}],"about":[{"href":"http:\/\/shinyyoustationery.com\/pl\/wp-json\/wp\/v2\/types\/product"}],"version-history":[{"count":0,"href":"http:\/\/shinyyoustationery.com\/pl\/wp-json\/wp\/v2\/product\/34869\/revisions"}],"wp:featuredmedia":[{"embeddable":true,"href":"http:\/\/shinyyoustationery.com\/pl\/wp-json\/wp\/v2\/media\/34870"}],"wp:attachment":[{"href":"http:\/\/shinyyoustationery.com\/pl\/wp-json\/wp\/v2\/media?parent=34869"}],"wp:term":[{"taxonomy":"product_brand","embeddable":true,"href":"http:\/\/shinyyoustationery.com\/pl\/wp-json\/wp\/v2\/product_brand?post=34869"},{"taxonomy":"product_cat","embeddable":true,"href":"http:\/\/shinyyoustationery.com\/pl\/wp-json\/wp\/v2\/product_cat?post=34869"},{"taxonomy":"product_tag","embeddable":true,"href":"http:\/\/shinyyoustationery.com\/pl\/wp-json\/wp\/v2\/product_tag?post=34869"}],"curies":[{"name":"wp","href":"https:\/\/api.w.org\/{rel}","templated":true}]}}