{"id":35310,"date":"2025-07-09T17:32:12","date_gmt":"2025-07-09T09:32:12","guid":{"rendered":"http:\/\/45.63.70.205\/?post_type=product&#038;p=35310"},"modified":"2025-07-09T19:01:37","modified_gmt":"2025-07-09T11:01:37","slug":"wholesale-pack-of-12-pink-pencils-for-school-office","status":"publish","type":"product","link":"http:\/\/shinyyoustationery.com\/pl\/wholesale-pack-of-12-pink-pencils-for-school-office\/","title":{"rendered":"Hurtowe opakowanie 12 r\u00f3\u017cowych o\u0142\u00f3wk\u00f3w do szko\u0142y i biura"},"content":{"rendered":"","protected":false},"excerpt":{"rendered":"<p>Ten zestaw 12 r\u00f3\u017cowych o\u0142\u00f3wk\u00f3w premium jest idealny do szko\u0142y, biura i u\u017cytku osobistego. Ka\u017cdy o\u0142\u00f3wek jest wykonany z wysokiej jako\u015bci drewna, co zapewnia trwa\u0142o\u015b\u0107 i p\u0142ynno\u015b\u0107 pisania. \u017bywy r\u00f3\u017cowy design dodaje zabawnego akcentu do miejsca pracy lub klasy. Zapakowane w przezroczyst\u0105, wygodn\u0105 tub\u0119, o\u0142\u00f3wki te s\u0105 \u0142atwe do przenoszenia i przechowywania. Niezale\u017cnie od tego, czy robisz notatki, rysujesz, czy po prostu dodajesz koloru do swojej pracy, te o\u0142\u00f3wki s\u0105 zaprojektowane tak, aby spe\u0142ni\u0107 wszystkie Twoje potrzeby.<\/p>","protected":false},"featured_media":35311,"template":"","meta":[],"product_brand":[],"product_cat":[416,415,331,410],"product_tag":[],"class_list":{"0":"post-35310","1":"product","2":"type-product","3":"status-publish","4":"has-post-thumbnail","6":"product_cat-pencil","7":"product_cat-pen","8":"product_cat-stationery-set","9":"product_cat-writing-instruments","11":"first","12":"instock","13":"shipping-taxable","14":"product-type-simple"},"_links":{"self":[{"href":"http:\/\/shinyyoustationery.com\/pl\/wp-json\/wp\/v2\/product\/35310","targetHints":{"allow":["GET"]}}],"collection":[{"href":"http:\/\/shinyyoustationery.com\/pl\/wp-json\/wp\/v2\/product"}],"about":[{"href":"http:\/\/shinyyoustationery.com\/pl\/wp-json\/wp\/v2\/types\/product"}],"version-history":[{"count":0,"href":"http:\/\/shinyyoustationery.com\/pl\/wp-json\/wp\/v2\/product\/35310\/revisions"}],"wp:featuredmedia":[{"embeddable":true,"href":"http:\/\/shinyyoustationery.com\/pl\/wp-json\/wp\/v2\/media\/35311"}],"wp:attachment":[{"href":"http:\/\/shinyyoustationery.com\/pl\/wp-json\/wp\/v2\/media?parent=35310"}],"wp:term":[{"taxonomy":"product_brand","embeddable":true,"href":"http:\/\/shinyyoustationery.com\/pl\/wp-json\/wp\/v2\/product_brand?post=35310"},{"taxonomy":"product_cat","embeddable":true,"href":"http:\/\/shinyyoustationery.com\/pl\/wp-json\/wp\/v2\/product_cat?post=35310"},{"taxonomy":"product_tag","embeddable":true,"href":"http:\/\/shinyyoustationery.com\/pl\/wp-json\/wp\/v2\/product_tag?post=35310"}],"curies":[{"name":"wp","href":"https:\/\/api.w.org\/{rel}","templated":true}]}}