{"id":35318,"date":"2025-07-09T19:10:12","date_gmt":"2025-07-09T11:10:12","guid":{"rendered":"http:\/\/45.63.70.205\/?post_type=product&#038;p=35318"},"modified":"2025-07-09T19:13:41","modified_gmt":"2025-07-09T11:13:41","slug":"set-of-6-neon-hb-pencils-with-erasers-bright-pink-and-orange-for-school-office","status":"publish","type":"product","link":"http:\/\/shinyyoustationery.com\/pl\/set-of-6-neon-hb-pencils-with-erasers-bright-pink-and-orange-for-school-office\/","title":{"rendered":"Zestaw 6 neonowych o\u0142\u00f3wk\u00f3w HB z gumkami - jasnor\u00f3\u017cowe i pomara\u0144czowe do szko\u0142y i biura"},"content":{"rendered":"","protected":false},"excerpt":{"rendered":"<p>Ten \u017cywy zestaw 6 o\u0142\u00f3wk\u00f3w Neon HB zawiera mieszank\u0119 jaskrawych r\u00f3\u017cowych i pomara\u0144czowych kolor\u00f3w, dzi\u0119ki czemu wyr\u00f3\u017cniaj\u0105 si\u0119 w ka\u017cdej klasie lub biurze. Ka\u017cdy o\u0142\u00f3wek jest wyposa\u017cony w trwa\u0142\u0105 gumk\u0119, idealn\u0105 do szybkich poprawek podczas pisania, rysowania lub szkicowania.<\/p>","protected":false},"featured_media":35319,"template":"","meta":[],"product_brand":[],"product_cat":[416,331,410,415],"product_tag":[],"class_list":{"0":"post-35318","1":"product","2":"type-product","3":"status-publish","4":"has-post-thumbnail","6":"product_cat-pencil","7":"product_cat-stationery-set","8":"product_cat-writing-instruments","9":"product_cat-pen","11":"first","12":"instock","13":"shipping-taxable","14":"product-type-simple"},"_links":{"self":[{"href":"http:\/\/shinyyoustationery.com\/pl\/wp-json\/wp\/v2\/product\/35318","targetHints":{"allow":["GET"]}}],"collection":[{"href":"http:\/\/shinyyoustationery.com\/pl\/wp-json\/wp\/v2\/product"}],"about":[{"href":"http:\/\/shinyyoustationery.com\/pl\/wp-json\/wp\/v2\/types\/product"}],"version-history":[{"count":0,"href":"http:\/\/shinyyoustationery.com\/pl\/wp-json\/wp\/v2\/product\/35318\/revisions"}],"wp:featuredmedia":[{"embeddable":true,"href":"http:\/\/shinyyoustationery.com\/pl\/wp-json\/wp\/v2\/media\/35319"}],"wp:attachment":[{"href":"http:\/\/shinyyoustationery.com\/pl\/wp-json\/wp\/v2\/media?parent=35318"}],"wp:term":[{"taxonomy":"product_brand","embeddable":true,"href":"http:\/\/shinyyoustationery.com\/pl\/wp-json\/wp\/v2\/product_brand?post=35318"},{"taxonomy":"product_cat","embeddable":true,"href":"http:\/\/shinyyoustationery.com\/pl\/wp-json\/wp\/v2\/product_cat?post=35318"},{"taxonomy":"product_tag","embeddable":true,"href":"http:\/\/shinyyoustationery.com\/pl\/wp-json\/wp\/v2\/product_tag?post=35318"}],"curies":[{"name":"wp","href":"https:\/\/api.w.org\/{rel}","templated":true}]}}