{"id":35323,"date":"2025-07-09T19:19:55","date_gmt":"2025-07-09T11:19:55","guid":{"rendered":"http:\/\/45.63.70.205\/?post_type=product&#038;p=35323"},"modified":"2025-07-09T19:22:43","modified_gmt":"2025-07-09T11:22:43","slug":"pack-of-12-bright-pink-pencils-with-erasers-for-school-office","status":"publish","type":"product","link":"http:\/\/shinyyoustationery.com\/pl\/pack-of-12-bright-pink-pencils-with-erasers-for-school-office\/","title":{"rendered":"Zestaw 12 jasnor\u00f3\u017cowych o\u0142\u00f3wk\u00f3w z gumk\u0105 do szko\u0142y i biura"},"content":{"rendered":"","protected":false},"excerpt":{"rendered":"<p>To opakowanie 12 jasnor\u00f3\u017cowych o\u0142\u00f3wk\u00f3w jest idealne zar\u00f3wno do u\u017cytku szkolnego, jak i biurowego, oferuj\u0105c \u017cywy akcent w kolekcji artyku\u0142\u00f3w pi\u015bmiennych. Ka\u017cdy o\u0142\u00f3wek jest wykonany z wysokiej jako\u015bci drewna i ma g\u0142adki, \u0142atwy do pisania o\u0142\u00f3wek HB, dzi\u0119ki czemu idealnie nadaje si\u0119 do pisania, rysowania i robienia notatek. Gumki w g\u00f3rnej cz\u0119\u015bci pozwalaj\u0105 na szybkie i skuteczne poprawki, zapewniaj\u0105c schludne i uporz\u0105dkowane miejsce pracy. Odwa\u017cny r\u00f3\u017cowy kolor sprawia, \u017ce o\u0142\u00f3wki te s\u0105 \u0142atwe do zauwa\u017cenia w pi\u00f3rniku, na biurku lub w klasie. Niezale\u017cnie od tego, czy jeste\u015b studentem, nauczycielem, czy profesjonalist\u0105, te stylowe o\u0142\u00f3wki zapewniaj\u0105 zar\u00f3wno funkcjonalno\u015b\u0107, jak i styl dla wszystkich Twoich potrzeb zwi\u0105zanych z pisaniem.<\/p>","protected":false},"featured_media":35324,"template":"","meta":[],"product_brand":[],"product_cat":[416,331,410,415],"product_tag":[],"class_list":{"0":"post-35323","1":"product","2":"type-product","3":"status-publish","4":"has-post-thumbnail","6":"product_cat-pencil","7":"product_cat-stationery-set","8":"product_cat-writing-instruments","9":"product_cat-pen","11":"first","12":"instock","13":"shipping-taxable","14":"product-type-simple"},"_links":{"self":[{"href":"http:\/\/shinyyoustationery.com\/pl\/wp-json\/wp\/v2\/product\/35323","targetHints":{"allow":["GET"]}}],"collection":[{"href":"http:\/\/shinyyoustationery.com\/pl\/wp-json\/wp\/v2\/product"}],"about":[{"href":"http:\/\/shinyyoustationery.com\/pl\/wp-json\/wp\/v2\/types\/product"}],"version-history":[{"count":0,"href":"http:\/\/shinyyoustationery.com\/pl\/wp-json\/wp\/v2\/product\/35323\/revisions"}],"wp:featuredmedia":[{"embeddable":true,"href":"http:\/\/shinyyoustationery.com\/pl\/wp-json\/wp\/v2\/media\/35324"}],"wp:attachment":[{"href":"http:\/\/shinyyoustationery.com\/pl\/wp-json\/wp\/v2\/media?parent=35323"}],"wp:term":[{"taxonomy":"product_brand","embeddable":true,"href":"http:\/\/shinyyoustationery.com\/pl\/wp-json\/wp\/v2\/product_brand?post=35323"},{"taxonomy":"product_cat","embeddable":true,"href":"http:\/\/shinyyoustationery.com\/pl\/wp-json\/wp\/v2\/product_cat?post=35323"},{"taxonomy":"product_tag","embeddable":true,"href":"http:\/\/shinyyoustationery.com\/pl\/wp-json\/wp\/v2\/product_tag?post=35323"}],"curies":[{"name":"wp","href":"https:\/\/api.w.org\/{rel}","templated":true}]}}