{"id":35326,"date":"2025-07-09T19:26:12","date_gmt":"2025-07-09T11:26:12","guid":{"rendered":"http:\/\/45.63.70.205\/?post_type=product&#038;p=35326"},"modified":"2025-07-09T19:27:50","modified_gmt":"2025-07-09T11:27:50","slug":"set-of-8-colorful-day-themed-pencils-with-erasers-for-school-office","status":"publish","type":"product","link":"http:\/\/shinyyoustationery.com\/pl\/set-of-8-colorful-day-themed-pencils-with-erasers-for-school-office\/","title":{"rendered":"Zestaw 8 kolorowych o\u0142\u00f3wk\u00f3w z gumk\u0105 o tematyce dnia do szko\u0142y i biura"},"content":{"rendered":"","protected":false},"excerpt":{"rendered":"<p>Ten \u017cywy zestaw 8 o\u0142\u00f3wk\u00f3w zosta\u0142 zaprojektowany z zabawnym, dziennym akcentem, zawieraj\u0105cym kolory i etykiety na ka\u017cdy dzie\u0144 tygodnia (od poniedzia\u0142ku do niedzieli) oraz o\u0142\u00f3wek \"Me-Day\". Zestaw zawiera o\u0142\u00f3wki w kolorze czerwonym, r\u00f3\u017cowym, \u017c\u00f3\u0142tym, zielonym, niebieskim i bia\u0142ym, a ka\u017cdy z nich ma na g\u00f3rze gumk\u0119 u\u0142atwiaj\u0105c\u0105 nanoszenie poprawek. Wykonane z wysokiej jako\u015bci o\u0142owiu HB, o\u0142\u00f3wki te zapewniaj\u0105 p\u0142ynne pisanie, dzi\u0119ki czemu idealnie nadaj\u0105 si\u0119 zar\u00f3wno do u\u017cytku szkolnego, jak i biurowego.<\/p>","protected":false},"featured_media":35327,"template":"","meta":[],"product_brand":[],"product_cat":[416,410,415,331],"product_tag":[],"class_list":{"0":"post-35326","1":"product","2":"type-product","3":"status-publish","4":"has-post-thumbnail","6":"product_cat-pencil","7":"product_cat-writing-instruments","8":"product_cat-pen","9":"product_cat-stationery-set","11":"first","12":"instock","13":"shipping-taxable","14":"product-type-simple"},"_links":{"self":[{"href":"http:\/\/shinyyoustationery.com\/pl\/wp-json\/wp\/v2\/product\/35326","targetHints":{"allow":["GET"]}}],"collection":[{"href":"http:\/\/shinyyoustationery.com\/pl\/wp-json\/wp\/v2\/product"}],"about":[{"href":"http:\/\/shinyyoustationery.com\/pl\/wp-json\/wp\/v2\/types\/product"}],"version-history":[{"count":0,"href":"http:\/\/shinyyoustationery.com\/pl\/wp-json\/wp\/v2\/product\/35326\/revisions"}],"wp:featuredmedia":[{"embeddable":true,"href":"http:\/\/shinyyoustationery.com\/pl\/wp-json\/wp\/v2\/media\/35327"}],"wp:attachment":[{"href":"http:\/\/shinyyoustationery.com\/pl\/wp-json\/wp\/v2\/media?parent=35326"}],"wp:term":[{"taxonomy":"product_brand","embeddable":true,"href":"http:\/\/shinyyoustationery.com\/pl\/wp-json\/wp\/v2\/product_brand?post=35326"},{"taxonomy":"product_cat","embeddable":true,"href":"http:\/\/shinyyoustationery.com\/pl\/wp-json\/wp\/v2\/product_cat?post=35326"},{"taxonomy":"product_tag","embeddable":true,"href":"http:\/\/shinyyoustationery.com\/pl\/wp-json\/wp\/v2\/product_tag?post=35326"}],"curies":[{"name":"wp","href":"https:\/\/api.w.org\/{rel}","templated":true}]}}