{"id":35331,"date":"2025-07-09T19:30:35","date_gmt":"2025-07-09T11:30:35","guid":{"rendered":"http:\/\/45.63.70.205\/?post_type=product&#038;p=35331"},"modified":"2025-07-09T19:50:16","modified_gmt":"2025-07-09T11:50:16","slug":"set-of-8-rainbow-holographic-pencils-with-erasers-vibrant-and-fun-for-school-office","status":"publish","type":"product","link":"http:\/\/shinyyoustationery.com\/pl\/set-of-8-rainbow-holographic-pencils-with-erasers-vibrant-and-fun-for-school-office\/","title":{"rendered":"Zestaw 8 t\u0119czowych o\u0142\u00f3wk\u00f3w holograficznych z gumkami - \u017cywe i zabawne do szko\u0142y i biura"},"content":{"rendered":"","protected":false},"excerpt":{"rendered":"<p>Dodaj odrobin\u0119 koloru do swojej papeterii dzi\u0119ki temu zestawowi 8 t\u0119czowych o\u0142\u00f3wk\u00f3w holograficznych. Ka\u017cdy o\u0142\u00f3wek ma osza\u0142amiaj\u0105ce, odblaskowe, holograficzne wyko\u0144czenie, kt\u00f3re zmienia si\u0119 pod wp\u0142ywem \u015bwiat\u0142a, dzi\u0119ki czemu s\u0105 r\u00f3wnie zabawne, jak ich u\u017cywanie. Wyposa\u017cone w wygodn\u0105 gumk\u0119, o\u0142\u00f3wki te s\u0105 idealne do szybkich poprawek, pisania i rysowania. Niezale\u017cnie od tego, czy u\u017cywasz ich w szkole, pracy, czy do kreatywnych projekt\u00f3w, te \u017cywe o\u0142\u00f3wki wprowadz\u0105 emocje na biurko lub do pi\u00f3rnika.<\/p>","protected":false},"featured_media":35336,"template":"","meta":[],"product_brand":[],"product_cat":[416,331,410,415],"product_tag":[],"class_list":{"0":"post-35331","1":"product","2":"type-product","3":"status-publish","4":"has-post-thumbnail","6":"product_cat-pencil","7":"product_cat-stationery-set","8":"product_cat-writing-instruments","9":"product_cat-pen","11":"first","12":"instock","13":"shipping-taxable","14":"product-type-simple"},"_links":{"self":[{"href":"http:\/\/shinyyoustationery.com\/pl\/wp-json\/wp\/v2\/product\/35331","targetHints":{"allow":["GET"]}}],"collection":[{"href":"http:\/\/shinyyoustationery.com\/pl\/wp-json\/wp\/v2\/product"}],"about":[{"href":"http:\/\/shinyyoustationery.com\/pl\/wp-json\/wp\/v2\/types\/product"}],"version-history":[{"count":0,"href":"http:\/\/shinyyoustationery.com\/pl\/wp-json\/wp\/v2\/product\/35331\/revisions"}],"wp:featuredmedia":[{"embeddable":true,"href":"http:\/\/shinyyoustationery.com\/pl\/wp-json\/wp\/v2\/media\/35336"}],"wp:attachment":[{"href":"http:\/\/shinyyoustationery.com\/pl\/wp-json\/wp\/v2\/media?parent=35331"}],"wp:term":[{"taxonomy":"product_brand","embeddable":true,"href":"http:\/\/shinyyoustationery.com\/pl\/wp-json\/wp\/v2\/product_brand?post=35331"},{"taxonomy":"product_cat","embeddable":true,"href":"http:\/\/shinyyoustationery.com\/pl\/wp-json\/wp\/v2\/product_cat?post=35331"},{"taxonomy":"product_tag","embeddable":true,"href":"http:\/\/shinyyoustationery.com\/pl\/wp-json\/wp\/v2\/product_tag?post=35331"}],"curies":[{"name":"wp","href":"https:\/\/api.w.org\/{rel}","templated":true}]}}