{"id":35339,"date":"2025-07-09T19:53:02","date_gmt":"2025-07-09T11:53:02","guid":{"rendered":"http:\/\/45.63.70.205\/?post_type=product&#038;p=35339"},"modified":"2025-07-09T19:55:37","modified_gmt":"2025-07-09T11:55:37","slug":"set-of-6-chunky-colouring-pencils-bright-colors-for-kids-and-creative-projects","status":"publish","type":"product","link":"http:\/\/shinyyoustationery.com\/pl\/set-of-6-chunky-colouring-pencils-bright-colors-for-kids-and-creative-projects\/","title":{"rendered":"Zestaw 6 grubych kredek do kolorowania - jasne kolory dla dzieci i kreatywnych projekt\u00f3w"},"content":{"rendered":"","protected":false},"excerpt":{"rendered":"<p>Ten zestaw 6 grubych kredek do kolorowania jest idealny dla dzieci, artyst\u00f3w i ka\u017cdego, kto chce doda\u0107 \u017cywe kolory do swoich dzie\u0142. Dzi\u0119ki jasnym i odwa\u017cnym kolorom, w tym czerwonemu, pomara\u0144czowemu, \u017c\u00f3\u0142temu, zielonemu, niebieskiemu i czarnemu, kredki te s\u0105 idealne do rysowania, kolorowania i szkicowania. Gruba konstrukcja jest \u0142atwa do uchwycenia dla ma\u0142ych r\u0105czek, dzi\u0119ki czemu s\u0105 idealne dla dzieci i pocz\u0105tkuj\u0105cych. Niezale\u017cnie od tego, czy tworzysz grafik\u0119, kolorujesz w ksi\u0105\u017cce, czy pracujesz nad kreatywnym projektem, te trwa\u0142e o\u0142\u00f3wki zapewniaj\u0105 g\u0142adkie, bogate kolory, kt\u00f3re o\u017cywiaj\u0105 ka\u017cdy rysunek. Doskona\u0142e do sal lekcyjnych, projekt\u00f3w domowych lub jako zabawny prezent dla m\u0142odych artyst\u00f3w!<\/p>","protected":false},"featured_media":35340,"template":"","meta":[],"product_brand":[],"product_cat":[416,415,331,410],"product_tag":[],"class_list":{"0":"post-35339","1":"product","2":"type-product","3":"status-publish","4":"has-post-thumbnail","6":"product_cat-pencil","7":"product_cat-pen","8":"product_cat-stationery-set","9":"product_cat-writing-instruments","11":"first","12":"instock","13":"shipping-taxable","14":"product-type-simple"},"_links":{"self":[{"href":"http:\/\/shinyyoustationery.com\/pl\/wp-json\/wp\/v2\/product\/35339","targetHints":{"allow":["GET"]}}],"collection":[{"href":"http:\/\/shinyyoustationery.com\/pl\/wp-json\/wp\/v2\/product"}],"about":[{"href":"http:\/\/shinyyoustationery.com\/pl\/wp-json\/wp\/v2\/types\/product"}],"version-history":[{"count":0,"href":"http:\/\/shinyyoustationery.com\/pl\/wp-json\/wp\/v2\/product\/35339\/revisions"}],"wp:featuredmedia":[{"embeddable":true,"href":"http:\/\/shinyyoustationery.com\/pl\/wp-json\/wp\/v2\/media\/35340"}],"wp:attachment":[{"href":"http:\/\/shinyyoustationery.com\/pl\/wp-json\/wp\/v2\/media?parent=35339"}],"wp:term":[{"taxonomy":"product_brand","embeddable":true,"href":"http:\/\/shinyyoustationery.com\/pl\/wp-json\/wp\/v2\/product_brand?post=35339"},{"taxonomy":"product_cat","embeddable":true,"href":"http:\/\/shinyyoustationery.com\/pl\/wp-json\/wp\/v2\/product_cat?post=35339"},{"taxonomy":"product_tag","embeddable":true,"href":"http:\/\/shinyyoustationery.com\/pl\/wp-json\/wp\/v2\/product_tag?post=35339"}],"curies":[{"name":"wp","href":"https:\/\/api.w.org\/{rel}","templated":true}]}}