{"id":35342,"date":"2025-07-09T19:56:00","date_gmt":"2025-07-09T11:56:00","guid":{"rendered":"http:\/\/45.63.70.205\/?post_type=product&#038;p=35342"},"modified":"2025-07-09T20:00:25","modified_gmt":"2025-07-09T12:00:25","slug":"set-of-10-pastel-colouring-pencils-soft-and-vibrant-for-creative-projects-and-artwork","status":"publish","type":"product","link":"http:\/\/shinyyoustationery.com\/pl\/set-of-10-pastel-colouring-pencils-soft-and-vibrant-for-creative-projects-and-artwork\/","title":{"rendered":"Zestaw 10 pastelowych kredek do kolorowania - mi\u0119kkie i \u017cywe do kreatywnych projekt\u00f3w i prac artystycznych"},"content":{"rendered":"","protected":false},"excerpt":{"rendered":"<p>Ten zestaw 10 pastelowych kredek do kolorowania oferuje gam\u0119 mi\u0119kkich i \u017cywych kolor\u00f3w, idealnych do wszystkich artystycznych potrzeb. Kredki w odcieniach r\u00f3\u017cu, lawendy, \u017c\u00f3\u0142ci, zieleni, b\u0142\u0119kitu i pomara\u0144czy s\u0105 idealne do kolorowania, szkicowania i kreatywnych projekt\u00f3w. G\u0142adki i bogaty pigment bez wysi\u0142ku przesuwa si\u0119 po papierze, tworz\u0105c pi\u0119kne, r\u00f3wnomierne pokrycie. Niezale\u017cnie od tego, czy pracujesz nad szkolnym projektem, rysujesz, czy tworzysz szczeg\u00f3\u0142owe dzie\u0142a sztuki, te pastelowe o\u0142\u00f3wki dodadz\u0105 delikatnego i harmonijnego akcentu do twoich dzie\u0142. Doskona\u0142e dla artyst\u00f3w w ka\u017cdym wieku, kredki te s\u0105 idealne zar\u00f3wno dla pocz\u0105tkuj\u0105cych, jak i profesjonalist\u00f3w.<\/p>","protected":false},"featured_media":35343,"template":"","meta":[],"product_brand":[],"product_cat":[416,331,410,415],"product_tag":[],"class_list":{"0":"post-35342","1":"product","2":"type-product","3":"status-publish","4":"has-post-thumbnail","6":"product_cat-pencil","7":"product_cat-stationery-set","8":"product_cat-writing-instruments","9":"product_cat-pen","11":"first","12":"instock","13":"shipping-taxable","14":"product-type-simple"},"_links":{"self":[{"href":"http:\/\/shinyyoustationery.com\/pl\/wp-json\/wp\/v2\/product\/35342","targetHints":{"allow":["GET"]}}],"collection":[{"href":"http:\/\/shinyyoustationery.com\/pl\/wp-json\/wp\/v2\/product"}],"about":[{"href":"http:\/\/shinyyoustationery.com\/pl\/wp-json\/wp\/v2\/types\/product"}],"version-history":[{"count":0,"href":"http:\/\/shinyyoustationery.com\/pl\/wp-json\/wp\/v2\/product\/35342\/revisions"}],"wp:featuredmedia":[{"embeddable":true,"href":"http:\/\/shinyyoustationery.com\/pl\/wp-json\/wp\/v2\/media\/35343"}],"wp:attachment":[{"href":"http:\/\/shinyyoustationery.com\/pl\/wp-json\/wp\/v2\/media?parent=35342"}],"wp:term":[{"taxonomy":"product_brand","embeddable":true,"href":"http:\/\/shinyyoustationery.com\/pl\/wp-json\/wp\/v2\/product_brand?post=35342"},{"taxonomy":"product_cat","embeddable":true,"href":"http:\/\/shinyyoustationery.com\/pl\/wp-json\/wp\/v2\/product_cat?post=35342"},{"taxonomy":"product_tag","embeddable":true,"href":"http:\/\/shinyyoustationery.com\/pl\/wp-json\/wp\/v2\/product_tag?post=35342"}],"curies":[{"name":"wp","href":"https:\/\/api.w.org\/{rel}","templated":true}]}}