{"id":35345,"date":"2025-07-09T20:00:48","date_gmt":"2025-07-09T12:00:48","guid":{"rendered":"http:\/\/45.63.70.205\/?post_type=product&#038;p=35345"},"modified":"2025-07-09T20:03:42","modified_gmt":"2025-07-09T12:03:42","slug":"set-of-8-elegant-colored-pencils-earthy-tones-and-blues-for-school-office","status":"publish","type":"product","link":"http:\/\/shinyyoustationery.com\/pl\/set-of-8-elegant-colored-pencils-earthy-tones-and-blues-for-school-office\/","title":{"rendered":"Zestaw 8 eleganckich kredek o\u0142\u00f3wkowych - ziemiste odcienie i b\u0142\u0119kity do szko\u0142y i biura"},"content":{"rendered":"","protected":false},"excerpt":{"rendered":"<p>Ten zestaw 8 eleganckich kredek o\u0142\u00f3wkowych zawiera pi\u0119kn\u0105 mieszank\u0119 ziemistych odcieni i b\u0142\u0119kit\u00f3w, w tym bogaty br\u0105z, delikatny r\u00f3\u017c, \u017cywy niebieski i g\u0142\u0119boki granat. Idealne do u\u017cytku szkolnego, biurowego lub kreatywnych projekt\u00f3w, kredki te zapewniaj\u0105 p\u0142ynne pisanie i szkicowanie. Wysokiej jako\u015bci drewno zapewnia trwa\u0142o\u015b\u0107, a gumki na g\u00f3rze u\u0142atwiaj\u0105 nanoszenie poprawek.<\/p>","protected":false},"featured_media":35346,"template":"","meta":[],"product_brand":[],"product_cat":[416,415,331,410],"product_tag":[],"class_list":{"0":"post-35345","1":"product","2":"type-product","3":"status-publish","4":"has-post-thumbnail","6":"product_cat-pencil","7":"product_cat-pen","8":"product_cat-stationery-set","9":"product_cat-writing-instruments","11":"first","12":"instock","13":"shipping-taxable","14":"product-type-simple"},"_links":{"self":[{"href":"http:\/\/shinyyoustationery.com\/pl\/wp-json\/wp\/v2\/product\/35345","targetHints":{"allow":["GET"]}}],"collection":[{"href":"http:\/\/shinyyoustationery.com\/pl\/wp-json\/wp\/v2\/product"}],"about":[{"href":"http:\/\/shinyyoustationery.com\/pl\/wp-json\/wp\/v2\/types\/product"}],"version-history":[{"count":0,"href":"http:\/\/shinyyoustationery.com\/pl\/wp-json\/wp\/v2\/product\/35345\/revisions"}],"wp:featuredmedia":[{"embeddable":true,"href":"http:\/\/shinyyoustationery.com\/pl\/wp-json\/wp\/v2\/media\/35346"}],"wp:attachment":[{"href":"http:\/\/shinyyoustationery.com\/pl\/wp-json\/wp\/v2\/media?parent=35345"}],"wp:term":[{"taxonomy":"product_brand","embeddable":true,"href":"http:\/\/shinyyoustationery.com\/pl\/wp-json\/wp\/v2\/product_brand?post=35345"},{"taxonomy":"product_cat","embeddable":true,"href":"http:\/\/shinyyoustationery.com\/pl\/wp-json\/wp\/v2\/product_cat?post=35345"},{"taxonomy":"product_tag","embeddable":true,"href":"http:\/\/shinyyoustationery.com\/pl\/wp-json\/wp\/v2\/product_tag?post=35345"}],"curies":[{"name":"wp","href":"https:\/\/api.w.org\/{rel}","templated":true}]}}