{"id":35561,"date":"2025-07-14T04:29:02","date_gmt":"2025-07-14T12:29:02","guid":{"rendered":"http:\/\/45.63.70.205\/?post_type=product&#038;p=35561"},"modified":"2025-07-14T04:32:40","modified_gmt":"2025-07-14T12:32:40","slug":"purple-a4-ring-binder-eco-friendly-and-stylish-for-home-office","status":"publish","type":"product","link":"http:\/\/shinyyoustationery.com\/pl\/purple-a4-ring-binder-eco-friendly-and-stylish-for-home-office\/","title":{"rendered":"Fioletowy segregator A4 - ekologiczny i stylowy do domu i biura"},"content":{"rendered":"","protected":false},"excerpt":{"rendered":"<p>Poka\u017c sw\u00f3j ekologiczny styl dzi\u0119ki segregatorowi ringowemu A4 Shiny You Purple \"Save Paper\". Ten segregator z zabawnym zielonym wzorem i wymownym przes\u0142aniem jest idealny do organizowania wa\u017cnych dokument\u00f3w w spos\u00f3b przyjazny dla \u015brodowiska. Uspokajaj\u0105cy lawendowy kolor dodaje koj\u0105cego akcentu do miejsca pracy, co czyni go idealnym wyborem zar\u00f3wno do biur domowych, jak i sal lekcyjnych. Zachowaj porz\u0105dek, jednocze\u015bnie promuj\u0105c zr\u00f3wnowa\u017cony rozw\u00f3j dzi\u0119ki temu uroczemu i funkcjonalnemu segregatorowi.<\/p>","protected":false},"featured_media":35562,"template":"","meta":[],"product_brand":[],"product_cat":[413],"product_tag":[],"class_list":{"0":"post-35561","1":"product","2":"type-product","3":"status-publish","4":"has-post-thumbnail","6":"product_cat-ring-binder","8":"first","9":"instock","10":"shipping-taxable","11":"product-type-simple"},"_links":{"self":[{"href":"http:\/\/shinyyoustationery.com\/pl\/wp-json\/wp\/v2\/product\/35561","targetHints":{"allow":["GET"]}}],"collection":[{"href":"http:\/\/shinyyoustationery.com\/pl\/wp-json\/wp\/v2\/product"}],"about":[{"href":"http:\/\/shinyyoustationery.com\/pl\/wp-json\/wp\/v2\/types\/product"}],"version-history":[{"count":0,"href":"http:\/\/shinyyoustationery.com\/pl\/wp-json\/wp\/v2\/product\/35561\/revisions"}],"wp:featuredmedia":[{"embeddable":true,"href":"http:\/\/shinyyoustationery.com\/pl\/wp-json\/wp\/v2\/media\/35562"}],"wp:attachment":[{"href":"http:\/\/shinyyoustationery.com\/pl\/wp-json\/wp\/v2\/media?parent=35561"}],"wp:term":[{"taxonomy":"product_brand","embeddable":true,"href":"http:\/\/shinyyoustationery.com\/pl\/wp-json\/wp\/v2\/product_brand?post=35561"},{"taxonomy":"product_cat","embeddable":true,"href":"http:\/\/shinyyoustationery.com\/pl\/wp-json\/wp\/v2\/product_cat?post=35561"},{"taxonomy":"product_tag","embeddable":true,"href":"http:\/\/shinyyoustationery.com\/pl\/wp-json\/wp\/v2\/product_tag?post=35561"}],"curies":[{"name":"wp","href":"https:\/\/api.w.org\/{rel}","templated":true}]}}