{"id":29819,"date":"2025-05-20T19:30:20","date_gmt":"2025-05-21T03:30:20","guid":{"rendered":"http:\/\/45.63.70.205\/?post_type=product&#038;p=29819"},"modified":"2025-05-20T21:27:36","modified_gmt":"2025-05-21T05:27:36","slug":"wholesale-custom-green-solar-powered-calculator-with-soft-keys","status":"publish","type":"product","link":"http:\/\/shinyyoustationery.com\/pt\/wholesale-custom-green-solar-powered-calculator-with-soft-keys\/","title":{"rendered":"Calculadora verde personalizada por atacado alimentada a energia solar com teclas de fun\u00e7\u00e3o"},"content":{"rendered":"","protected":false},"excerpt":{"rendered":"<p>Esta calculadora ecol\u00f3gica alimentada por energia solar apresenta um design amigo do ambiente com teclas suaves para uma utiliza\u00e7\u00e3o confort\u00e1vel. Carrega-se atrav\u00e9s de energia solar, eliminando a necessidade de pilhas, o que a torna eficiente em termos energ\u00e9ticos e amiga do ambiente - perfeita para utilizar no escrit\u00f3rio ou em casa.<\/p>","protected":false},"featured_media":29820,"template":"","meta":[],"product_brand":[],"product_cat":[333,397,426],"product_tag":[],"class_list":{"0":"post-29819","1":"product","2":"type-product","3":"status-publish","4":"has-post-thumbnail","6":"product_cat-office-stationery","7":"product_cat-basic-office-stationery","8":"product_cat-calculator","10":"first","11":"instock","12":"shipping-taxable","13":"product-type-simple"},"_links":{"self":[{"href":"http:\/\/shinyyoustationery.com\/pt\/wp-json\/wp\/v2\/product\/29819","targetHints":{"allow":["GET"]}}],"collection":[{"href":"http:\/\/shinyyoustationery.com\/pt\/wp-json\/wp\/v2\/product"}],"about":[{"href":"http:\/\/shinyyoustationery.com\/pt\/wp-json\/wp\/v2\/types\/product"}],"version-history":[{"count":0,"href":"http:\/\/shinyyoustationery.com\/pt\/wp-json\/wp\/v2\/product\/29819\/revisions"}],"wp:featuredmedia":[{"embeddable":true,"href":"http:\/\/shinyyoustationery.com\/pt\/wp-json\/wp\/v2\/media\/29820"}],"wp:attachment":[{"href":"http:\/\/shinyyoustationery.com\/pt\/wp-json\/wp\/v2\/media?parent=29819"}],"wp:term":[{"taxonomy":"product_brand","embeddable":true,"href":"http:\/\/shinyyoustationery.com\/pt\/wp-json\/wp\/v2\/product_brand?post=29819"},{"taxonomy":"product_cat","embeddable":true,"href":"http:\/\/shinyyoustationery.com\/pt\/wp-json\/wp\/v2\/product_cat?post=29819"},{"taxonomy":"product_tag","embeddable":true,"href":"http:\/\/shinyyoustationery.com\/pt\/wp-json\/wp\/v2\/product_tag?post=29819"}],"curies":[{"name":"wp","href":"https:\/\/api.w.org\/{rel}","templated":true}]}}