{"id":29823,"date":"2025-05-20T19:32:06","date_gmt":"2025-05-21T03:32:06","guid":{"rendered":"http:\/\/45.63.70.205\/?post_type=product&#038;p=29823"},"modified":"2025-06-20T01:44:09","modified_gmt":"2025-06-20T09:44:09","slug":"wholesale-custom-green-solar-powered-calculator-for-office-home","status":"publish","type":"product","link":"http:\/\/shinyyoustationery.com\/pt\/wholesale-custom-green-solar-powered-calculator-for-office-home\/","title":{"rendered":"Calculadora solar verde personalizada por atacado para escrit\u00f3rio e casa"},"content":{"rendered":"","protected":false},"excerpt":{"rendered":"<p>Esta calculadora ecol\u00f3gica alimentada por energia solar possui bot\u00f5es grandes e f\u00e1ceis de premir e uma fun\u00e7\u00e3o de carregamento solar, o que a torna eficiente em termos energ\u00e9ticos e f\u00e1cil de utilizar. Perfeita para os c\u00e1lculos di\u00e1rios no escrit\u00f3rio ou em casa, elimina a necessidade de pilhas e oferece um desempenho fi\u00e1vel.<\/p>","protected":false},"featured_media":32912,"template":"","meta":[],"product_brand":[],"product_cat":[426,681,333,397],"product_tag":[],"class_list":{"0":"post-29823","1":"product","2":"type-product","3":"status-publish","4":"has-post-thumbnail","6":"product_cat-calculator","7":"product_cat-green-collection","8":"product_cat-office-stationery","9":"product_cat-basic-office-stationery","11":"first","12":"instock","13":"shipping-taxable","14":"product-type-simple"},"_links":{"self":[{"href":"http:\/\/shinyyoustationery.com\/pt\/wp-json\/wp\/v2\/product\/29823","targetHints":{"allow":["GET"]}}],"collection":[{"href":"http:\/\/shinyyoustationery.com\/pt\/wp-json\/wp\/v2\/product"}],"about":[{"href":"http:\/\/shinyyoustationery.com\/pt\/wp-json\/wp\/v2\/types\/product"}],"version-history":[{"count":0,"href":"http:\/\/shinyyoustationery.com\/pt\/wp-json\/wp\/v2\/product\/29823\/revisions"}],"wp:featuredmedia":[{"embeddable":true,"href":"http:\/\/shinyyoustationery.com\/pt\/wp-json\/wp\/v2\/media\/32912"}],"wp:attachment":[{"href":"http:\/\/shinyyoustationery.com\/pt\/wp-json\/wp\/v2\/media?parent=29823"}],"wp:term":[{"taxonomy":"product_brand","embeddable":true,"href":"http:\/\/shinyyoustationery.com\/pt\/wp-json\/wp\/v2\/product_brand?post=29823"},{"taxonomy":"product_cat","embeddable":true,"href":"http:\/\/shinyyoustationery.com\/pt\/wp-json\/wp\/v2\/product_cat?post=29823"},{"taxonomy":"product_tag","embeddable":true,"href":"http:\/\/shinyyoustationery.com\/pt\/wp-json\/wp\/v2\/product_tag?post=29823"}],"curies":[{"name":"wp","href":"https:\/\/api.w.org\/{rel}","templated":true}]}}