{"id":29878,"date":"2025-05-20T23:22:34","date_gmt":"2025-05-21T07:22:34","guid":{"rendered":"http:\/\/45.63.70.205\/?post_type=product&#038;p=29878"},"modified":"2025-06-06T01:51:21","modified_gmt":"2025-06-06T09:51:21","slug":"wholesale-custom-green-and-gold-staple-remover-for-easy-removal-of-staples","status":"publish","type":"product","link":"http:\/\/shinyyoustationery.com\/pt\/wholesale-custom-green-and-gold-staple-remover-for-easy-removal-of-staples\/","title":{"rendered":"Removedor de agrafos por grosso personalizado verde e dourado para remo\u00e7\u00e3o f\u00e1cil de agrafos"},"content":{"rendered":"","protected":false},"excerpt":{"rendered":"<p>Este elegante removedor de agrafos verde e dourado proporciona uma forma simples e eficiente de remover agrafos sem danificar os seus documentos. O seu design ergon\u00f3mico garante uma ader\u00eancia confort\u00e1vel, tornando-o uma ferramenta perfeita para utiliza\u00e7\u00e3o no escrit\u00f3rio ou na escola.<\/p>","protected":false},"featured_media":29879,"template":"","meta":[],"product_brand":[],"product_cat":[333,397,433,681],"product_tag":[],"class_list":{"0":"post-29878","1":"product","2":"type-product","3":"status-publish","4":"has-post-thumbnail","6":"product_cat-office-stationery","7":"product_cat-basic-office-stationery","8":"product_cat-stapler","9":"product_cat-green-collection","11":"first","12":"instock","13":"shipping-taxable","14":"product-type-simple"},"_links":{"self":[{"href":"http:\/\/shinyyoustationery.com\/pt\/wp-json\/wp\/v2\/product\/29878","targetHints":{"allow":["GET"]}}],"collection":[{"href":"http:\/\/shinyyoustationery.com\/pt\/wp-json\/wp\/v2\/product"}],"about":[{"href":"http:\/\/shinyyoustationery.com\/pt\/wp-json\/wp\/v2\/types\/product"}],"version-history":[{"count":0,"href":"http:\/\/shinyyoustationery.com\/pt\/wp-json\/wp\/v2\/product\/29878\/revisions"}],"wp:featuredmedia":[{"embeddable":true,"href":"http:\/\/shinyyoustationery.com\/pt\/wp-json\/wp\/v2\/media\/29879"}],"wp:attachment":[{"href":"http:\/\/shinyyoustationery.com\/pt\/wp-json\/wp\/v2\/media?parent=29878"}],"wp:term":[{"taxonomy":"product_brand","embeddable":true,"href":"http:\/\/shinyyoustationery.com\/pt\/wp-json\/wp\/v2\/product_brand?post=29878"},{"taxonomy":"product_cat","embeddable":true,"href":"http:\/\/shinyyoustationery.com\/pt\/wp-json\/wp\/v2\/product_cat?post=29878"},{"taxonomy":"product_tag","embeddable":true,"href":"http:\/\/shinyyoustationery.com\/pt\/wp-json\/wp\/v2\/product_tag?post=29878"}],"curies":[{"name":"wp","href":"https:\/\/api.w.org\/{rel}","templated":true}]}}