{"id":29889,"date":"2025-05-20T23:34:20","date_gmt":"2025-05-21T07:34:20","guid":{"rendered":"http:\/\/45.63.70.205\/?post_type=product&#038;p=29889"},"modified":"2025-06-20T02:06:49","modified_gmt":"2025-06-20T10:06:49","slug":"wholesale-custom-elegant-green-tape-dispenser-with-gold-accents","status":"publish","type":"product","link":"http:\/\/shinyyoustationery.com\/pt\/wholesale-custom-elegant-green-tape-dispenser-with-gold-accents\/","title":{"rendered":"Distribuidor de fita adesiva verde elegante por grosso e personalizado com detalhes dourados"},"content":{"rendered":"","protected":false},"excerpt":{"rendered":"<p>Este elegante dispensador de fita adesiva verde apresenta um design elegante com detalhes dourados, acrescentando um toque de eleg\u00e2ncia a qualquer espa\u00e7o de trabalho. A base robusta garante estabilidade e o cortador proporciona uma distribui\u00e7\u00e3o de fita limpa e f\u00e1cil. Perfeito para utiliza\u00e7\u00e3o no escrit\u00f3rio e em casa.<\/p>","protected":false},"featured_media":32943,"template":"","meta":[],"product_brand":[],"product_cat":[435,681],"product_tag":[],"class_list":{"0":"post-29889","1":"product","2":"type-product","3":"status-publish","4":"has-post-thumbnail","6":"product_cat-tape-dispenser","7":"product_cat-green-collection","9":"first","10":"instock","11":"shipping-taxable","12":"product-type-simple"},"_links":{"self":[{"href":"http:\/\/shinyyoustationery.com\/pt\/wp-json\/wp\/v2\/product\/29889","targetHints":{"allow":["GET"]}}],"collection":[{"href":"http:\/\/shinyyoustationery.com\/pt\/wp-json\/wp\/v2\/product"}],"about":[{"href":"http:\/\/shinyyoustationery.com\/pt\/wp-json\/wp\/v2\/types\/product"}],"version-history":[{"count":0,"href":"http:\/\/shinyyoustationery.com\/pt\/wp-json\/wp\/v2\/product\/29889\/revisions"}],"wp:featuredmedia":[{"embeddable":true,"href":"http:\/\/shinyyoustationery.com\/pt\/wp-json\/wp\/v2\/media\/32943"}],"wp:attachment":[{"href":"http:\/\/shinyyoustationery.com\/pt\/wp-json\/wp\/v2\/media?parent=29889"}],"wp:term":[{"taxonomy":"product_brand","embeddable":true,"href":"http:\/\/shinyyoustationery.com\/pt\/wp-json\/wp\/v2\/product_brand?post=29889"},{"taxonomy":"product_cat","embeddable":true,"href":"http:\/\/shinyyoustationery.com\/pt\/wp-json\/wp\/v2\/product_cat?post=29889"},{"taxonomy":"product_tag","embeddable":true,"href":"http:\/\/shinyyoustationery.com\/pt\/wp-json\/wp\/v2\/product_tag?post=29889"}],"curies":[{"name":"wp","href":"https:\/\/api.w.org\/{rel}","templated":true}]}}