{"id":29912,"date":"2025-05-21T00:21:58","date_gmt":"2025-05-21T08:21:58","guid":{"rendered":"http:\/\/45.63.70.205\/?post_type=product&#038;p=29912"},"modified":"2025-06-22T19:45:29","modified_gmt":"2025-06-23T03:45:29","slug":"wholesale-custom-soft-plush-a5-notebook-with-floral-embroidery","status":"publish","type":"product","link":"http:\/\/shinyyoustationery.com\/pt\/wholesale-custom-soft-plush-a5-notebook-with-floral-embroidery\/","title":{"rendered":"Caderno A5 de pel\u00facia macia personalizada com bordado floral"},"content":{"rendered":"","protected":false},"excerpt":{"rendered":"<p>Este ador\u00e1vel caderno A5 apresenta uma capa verde aconchegante e felpuda com um delicado bordado de flores brancas. Perfeito para anotar os seus pensamentos, esbo\u00e7os ou notas, a sua textura suave d\u00e1 um toque de calor e charme \u00e0 sua secret\u00e1ria. Compacta e elegante, \u00e9 uma \u00f3ptima companhia tanto para uso pessoal como profissional.<\/p>","protected":false},"featured_media":32948,"template":"","meta":[],"product_brand":[],"product_cat":[387,494,676,681],"product_tag":[],"class_list":{"0":"post-29912","1":"product","2":"type-product","3":"status-publish","4":"has-post-thumbnail","6":"product_cat-notebooks-journals","7":"product_cat-composition-notebook","8":"product_cat-plush-notebook","9":"product_cat-green-collection","11":"first","12":"instock","13":"featured","14":"shipping-taxable","15":"product-type-simple"},"_links":{"self":[{"href":"http:\/\/shinyyoustationery.com\/pt\/wp-json\/wp\/v2\/product\/29912","targetHints":{"allow":["GET"]}}],"collection":[{"href":"http:\/\/shinyyoustationery.com\/pt\/wp-json\/wp\/v2\/product"}],"about":[{"href":"http:\/\/shinyyoustationery.com\/pt\/wp-json\/wp\/v2\/types\/product"}],"version-history":[{"count":0,"href":"http:\/\/shinyyoustationery.com\/pt\/wp-json\/wp\/v2\/product\/29912\/revisions"}],"wp:featuredmedia":[{"embeddable":true,"href":"http:\/\/shinyyoustationery.com\/pt\/wp-json\/wp\/v2\/media\/32948"}],"wp:attachment":[{"href":"http:\/\/shinyyoustationery.com\/pt\/wp-json\/wp\/v2\/media?parent=29912"}],"wp:term":[{"taxonomy":"product_brand","embeddable":true,"href":"http:\/\/shinyyoustationery.com\/pt\/wp-json\/wp\/v2\/product_brand?post=29912"},{"taxonomy":"product_cat","embeddable":true,"href":"http:\/\/shinyyoustationery.com\/pt\/wp-json\/wp\/v2\/product_cat?post=29912"},{"taxonomy":"product_tag","embeddable":true,"href":"http:\/\/shinyyoustationery.com\/pt\/wp-json\/wp\/v2\/product_tag?post=29912"}],"curies":[{"name":"wp","href":"https:\/\/api.w.org\/{rel}","templated":true}]}}