{"id":29918,"date":"2025-05-21T00:26:20","date_gmt":"2025-05-21T08:26:20","guid":{"rendered":"http:\/\/45.63.70.205\/?post_type=product&#038;p=29918"},"modified":"2025-06-20T02:39:31","modified_gmt":"2025-06-20T10:39:31","slug":"wholesale-custom-shiny-green-a5-notebook-with-elastic-band","status":"publish","type":"product","link":"http:\/\/shinyyoustationery.com\/pt\/wholesale-custom-shiny-green-a5-notebook-with-elastic-band\/","title":{"rendered":"Caderno A5 verde brilhante por atacado com fita el\u00e1stica"},"content":{"rendered":"","protected":false},"excerpt":{"rendered":"<p>Este atraente bloco de notas A5 apresenta uma capa verde vibrante e brilhante, perfeita para quem procura um companheiro elegante e pr\u00e1tico para as suas notas ou esbo\u00e7os. A capa texturada confere um toque extra de sofistica\u00e7\u00e3o, enquanto o el\u00e1stico garante a seguran\u00e7a das suas p\u00e1ginas. O seu tamanho compacto torna-o f\u00e1cil de transportar para qualquer lugar, sendo ideal para a escola, o trabalho ou o di\u00e1rio pessoal.<\/p>","protected":false},"featured_media":32954,"template":"","meta":[],"product_brand":[],"product_cat":[387,494,681],"product_tag":[],"class_list":{"0":"post-29918","1":"product","2":"type-product","3":"status-publish","4":"has-post-thumbnail","6":"product_cat-notebooks-journals","7":"product_cat-composition-notebook","8":"product_cat-green-collection","10":"first","11":"instock","12":"shipping-taxable","13":"product-type-simple"},"_links":{"self":[{"href":"http:\/\/shinyyoustationery.com\/pt\/wp-json\/wp\/v2\/product\/29918","targetHints":{"allow":["GET"]}}],"collection":[{"href":"http:\/\/shinyyoustationery.com\/pt\/wp-json\/wp\/v2\/product"}],"about":[{"href":"http:\/\/shinyyoustationery.com\/pt\/wp-json\/wp\/v2\/types\/product"}],"version-history":[{"count":0,"href":"http:\/\/shinyyoustationery.com\/pt\/wp-json\/wp\/v2\/product\/29918\/revisions"}],"wp:featuredmedia":[{"embeddable":true,"href":"http:\/\/shinyyoustationery.com\/pt\/wp-json\/wp\/v2\/media\/32954"}],"wp:attachment":[{"href":"http:\/\/shinyyoustationery.com\/pt\/wp-json\/wp\/v2\/media?parent=29918"}],"wp:term":[{"taxonomy":"product_brand","embeddable":true,"href":"http:\/\/shinyyoustationery.com\/pt\/wp-json\/wp\/v2\/product_brand?post=29918"},{"taxonomy":"product_cat","embeddable":true,"href":"http:\/\/shinyyoustationery.com\/pt\/wp-json\/wp\/v2\/product_cat?post=29918"},{"taxonomy":"product_tag","embeddable":true,"href":"http:\/\/shinyyoustationery.com\/pt\/wp-json\/wp\/v2\/product_tag?post=29918"}],"curies":[{"name":"wp","href":"https:\/\/api.w.org\/{rel}","templated":true}]}}