{"id":29922,"date":"2025-05-21T00:29:47","date_gmt":"2025-05-21T08:29:47","guid":{"rendered":"http:\/\/45.63.70.205\/?post_type=product&#038;p=29922"},"modified":"2025-06-20T02:44:32","modified_gmt":"2025-06-20T10:44:32","slug":"wholesale-custom-simple-a5-hardcover-notebook-with-glossy-green-holographic-cover","status":"publish","type":"product","link":"http:\/\/shinyyoustationery.com\/pt\/wholesale-custom-simple-a5-hardcover-notebook-with-glossy-green-holographic-cover\/","title":{"rendered":"Caderno de capa dura A5 simples personalizado por atacado com capa hologr\u00e1fica verde brilhante"},"content":{"rendered":"","protected":false},"excerpt":{"rendered":"<p>Este elegante e minimalista caderno A5 apresenta-se numa refrescante cor verde, perfeita para quem gosta de simplicidade com um toque de cor. Com uma capa macia com \"Note Book\" impresso na parte da frente, o design \u00e9 complementado por um fecho el\u00e1stico que mant\u00e9m o caderno bem fechado. Ideal para anotar ideias, organizar tarefas ou escrever um di\u00e1rio pessoal, este bloco de notas compacto e elegante \u00e9 perfeito para o dia a dia.<\/p>","protected":false},"featured_media":32955,"template":"","meta":[],"product_brand":[],"product_cat":[667,681,494],"product_tag":[],"class_list":{"0":"post-29922","1":"product","2":"type-product","3":"status-publish","4":"has-post-thumbnail","6":"product_cat-hardcover-notebook","7":"product_cat-green-collection","8":"product_cat-composition-notebook","10":"first","11":"instock","12":"shipping-taxable","13":"product-type-simple"},"_links":{"self":[{"href":"http:\/\/shinyyoustationery.com\/pt\/wp-json\/wp\/v2\/product\/29922","targetHints":{"allow":["GET"]}}],"collection":[{"href":"http:\/\/shinyyoustationery.com\/pt\/wp-json\/wp\/v2\/product"}],"about":[{"href":"http:\/\/shinyyoustationery.com\/pt\/wp-json\/wp\/v2\/types\/product"}],"version-history":[{"count":0,"href":"http:\/\/shinyyoustationery.com\/pt\/wp-json\/wp\/v2\/product\/29922\/revisions"}],"wp:featuredmedia":[{"embeddable":true,"href":"http:\/\/shinyyoustationery.com\/pt\/wp-json\/wp\/v2\/media\/32955"}],"wp:attachment":[{"href":"http:\/\/shinyyoustationery.com\/pt\/wp-json\/wp\/v2\/media?parent=29922"}],"wp:term":[{"taxonomy":"product_brand","embeddable":true,"href":"http:\/\/shinyyoustationery.com\/pt\/wp-json\/wp\/v2\/product_brand?post=29922"},{"taxonomy":"product_cat","embeddable":true,"href":"http:\/\/shinyyoustationery.com\/pt\/wp-json\/wp\/v2\/product_cat?post=29922"},{"taxonomy":"product_tag","embeddable":true,"href":"http:\/\/shinyyoustationery.com\/pt\/wp-json\/wp\/v2\/product_tag?post=29922"}],"curies":[{"name":"wp","href":"https:\/\/api.w.org\/{rel}","templated":true}]}}