{"id":29950,"date":"2025-05-21T00:52:57","date_gmt":"2025-05-21T08:52:57","guid":{"rendered":"http:\/\/45.63.70.205\/?post_type=product&#038;p=29950"},"modified":"2025-06-23T00:51:11","modified_gmt":"2025-06-23T08:51:11","slug":"wholesale-custom-shimmering-green-a5-notebook-with-iridescent-stripes","status":"publish","type":"product","link":"http:\/\/shinyyoustationery.com\/pt\/wholesale-custom-shimmering-green-a5-notebook-with-iridescent-stripes\/","title":{"rendered":"Caderno A5 verde cintilante com riscas iridescentes por atacado e personalizado"},"content":{"rendered":"","protected":false},"excerpt":{"rendered":"<p>Este apelativo bloco de notas A5 apresenta uma cor verde vibrante com riscas iridescentes cintilantes que captam a luz de forma maravilhosa. O seu design elegante e moderno torna-o a escolha perfeita para quem procura um caderno elegante e \u00fanico. Ideal para escrever di\u00e1rios, tomar notas ou fazer esbo\u00e7os, este caderno combina praticidade com uma est\u00e9tica divertida e reflectora. A textura suave e o tamanho compacto tornam-no perfeito tanto para trabalho como para uso pessoal.<\/p>","protected":false},"featured_media":33114,"template":"","meta":[],"product_brand":[],"product_cat":[387,494],"product_tag":[],"class_list":{"0":"post-29950","1":"product","2":"type-product","3":"status-publish","4":"has-post-thumbnail","6":"product_cat-notebooks-journals","7":"product_cat-composition-notebook","9":"first","10":"instock","11":"featured","12":"shipping-taxable","13":"product-type-simple"},"_links":{"self":[{"href":"http:\/\/shinyyoustationery.com\/pt\/wp-json\/wp\/v2\/product\/29950","targetHints":{"allow":["GET"]}}],"collection":[{"href":"http:\/\/shinyyoustationery.com\/pt\/wp-json\/wp\/v2\/product"}],"about":[{"href":"http:\/\/shinyyoustationery.com\/pt\/wp-json\/wp\/v2\/types\/product"}],"version-history":[{"count":0,"href":"http:\/\/shinyyoustationery.com\/pt\/wp-json\/wp\/v2\/product\/29950\/revisions"}],"wp:featuredmedia":[{"embeddable":true,"href":"http:\/\/shinyyoustationery.com\/pt\/wp-json\/wp\/v2\/media\/33114"}],"wp:attachment":[{"href":"http:\/\/shinyyoustationery.com\/pt\/wp-json\/wp\/v2\/media?parent=29950"}],"wp:term":[{"taxonomy":"product_brand","embeddable":true,"href":"http:\/\/shinyyoustationery.com\/pt\/wp-json\/wp\/v2\/product_brand?post=29950"},{"taxonomy":"product_cat","embeddable":true,"href":"http:\/\/shinyyoustationery.com\/pt\/wp-json\/wp\/v2\/product_cat?post=29950"},{"taxonomy":"product_tag","embeddable":true,"href":"http:\/\/shinyyoustationery.com\/pt\/wp-json\/wp\/v2\/product_tag?post=29950"}],"curies":[{"name":"wp","href":"https:\/\/api.w.org\/{rel}","templated":true}]}}