{"id":29963,"date":"2025-05-21T01:05:21","date_gmt":"2025-05-21T09:05:21","guid":{"rendered":"http:\/\/45.63.70.205\/?post_type=product&#038;p=29963"},"modified":"2025-06-20T03:02:57","modified_gmt":"2025-06-20T11:02:57","slug":"wholesale-custom-clover-themed-magnetic-shopping-list-notepad","status":"publish","type":"product","link":"http:\/\/shinyyoustationery.com\/pt\/wholesale-custom-clover-themed-magnetic-shopping-list-notepad\/","title":{"rendered":"Bloco de notas magn\u00e9tico com tema de trevo por atacado"},"content":{"rendered":"","protected":false},"excerpt":{"rendered":"<p>Este ador\u00e1vel bloco de notas verde com lista de compras apresenta um encantador design de trevo com suaves toques florais. Com muito espa\u00e7o pautado para organizar as suas compras ou tarefas di\u00e1rias, \u00e9 pr\u00e1tico e giro. O suporte robusto e o tamanho compacto tornam-no perfeito para colar no frigor\u00edfico ou colocar numa mala. Ideal para quem gosta de se manter organizado com um toque de estilo inspirado na natureza.<\/p>","protected":false},"featured_media":32976,"template":"","meta":[],"product_brand":[],"product_cat":[669,681],"product_tag":[],"class_list":{"0":"post-29963","1":"product","2":"type-product","3":"status-publish","4":"has-post-thumbnail","6":"product_cat-planners","7":"product_cat-green-collection","9":"first","10":"instock","11":"shipping-taxable","12":"product-type-simple"},"_links":{"self":[{"href":"http:\/\/shinyyoustationery.com\/pt\/wp-json\/wp\/v2\/product\/29963","targetHints":{"allow":["GET"]}}],"collection":[{"href":"http:\/\/shinyyoustationery.com\/pt\/wp-json\/wp\/v2\/product"}],"about":[{"href":"http:\/\/shinyyoustationery.com\/pt\/wp-json\/wp\/v2\/types\/product"}],"version-history":[{"count":0,"href":"http:\/\/shinyyoustationery.com\/pt\/wp-json\/wp\/v2\/product\/29963\/revisions"}],"wp:featuredmedia":[{"embeddable":true,"href":"http:\/\/shinyyoustationery.com\/pt\/wp-json\/wp\/v2\/media\/32976"}],"wp:attachment":[{"href":"http:\/\/shinyyoustationery.com\/pt\/wp-json\/wp\/v2\/media?parent=29963"}],"wp:term":[{"taxonomy":"product_brand","embeddable":true,"href":"http:\/\/shinyyoustationery.com\/pt\/wp-json\/wp\/v2\/product_brand?post=29963"},{"taxonomy":"product_cat","embeddable":true,"href":"http:\/\/shinyyoustationery.com\/pt\/wp-json\/wp\/v2\/product_cat?post=29963"},{"taxonomy":"product_tag","embeddable":true,"href":"http:\/\/shinyyoustationery.com\/pt\/wp-json\/wp\/v2\/product_tag?post=29963"}],"curies":[{"name":"wp","href":"https:\/\/api.w.org\/{rel}","templated":true}]}}