{"id":29968,"date":"2025-05-21T01:11:38","date_gmt":"2025-05-21T09:11:38","guid":{"rendered":"http:\/\/45.63.70.205\/?post_type=product&#038;p=29968"},"modified":"2025-06-23T01:32:13","modified_gmt":"2025-06-23T09:32:13","slug":"wholesale-custom-daily-to-do-list-schedule-notepad-with-citrus-print","status":"publish","type":"product","link":"http:\/\/shinyyoustationery.com\/pt\/wholesale-custom-daily-to-do-list-schedule-notepad-with-citrus-print\/","title":{"rendered":"Bloco de notas personalizado com lista de tarefas di\u00e1rias e calend\u00e1rio com impress\u00e3o em citrinos"},"content":{"rendered":"","protected":false},"excerpt":{"rendered":"<p>Aumente a sua produtividade com esta agenda di\u00e1ria vibrante com tema de citrinos! Com sec\u00e7\u00f5es para a sua lista de tarefas, agenda hor\u00e1ria (7h-9h) e notas r\u00e1pidas, este bloco de notas A5 mant\u00e9m o seu dia organizado de uma forma divertida e refrescante. O alegre fundo amarelo e azul d\u00e1 um toque de cor \u00e0 sua secret\u00e1ria, fazendo com que o planeamento do seu dia seja fresco e energizante. Perfeito para utilizar em casa, no escrit\u00f3rio ou na escola.<\/p>","protected":false},"featured_media":33124,"template":"","meta":[],"product_brand":[],"product_cat":[669,682],"product_tag":[],"class_list":{"0":"post-29968","1":"product","2":"type-product","3":"status-publish","4":"has-post-thumbnail","6":"product_cat-planners","7":"product_cat-lemon-collection","9":"first","10":"instock","11":"shipping-taxable","12":"product-type-simple"},"_links":{"self":[{"href":"http:\/\/shinyyoustationery.com\/pt\/wp-json\/wp\/v2\/product\/29968","targetHints":{"allow":["GET"]}}],"collection":[{"href":"http:\/\/shinyyoustationery.com\/pt\/wp-json\/wp\/v2\/product"}],"about":[{"href":"http:\/\/shinyyoustationery.com\/pt\/wp-json\/wp\/v2\/types\/product"}],"version-history":[{"count":0,"href":"http:\/\/shinyyoustationery.com\/pt\/wp-json\/wp\/v2\/product\/29968\/revisions"}],"wp:featuredmedia":[{"embeddable":true,"href":"http:\/\/shinyyoustationery.com\/pt\/wp-json\/wp\/v2\/media\/33124"}],"wp:attachment":[{"href":"http:\/\/shinyyoustationery.com\/pt\/wp-json\/wp\/v2\/media?parent=29968"}],"wp:term":[{"taxonomy":"product_brand","embeddable":true,"href":"http:\/\/shinyyoustationery.com\/pt\/wp-json\/wp\/v2\/product_brand?post=29968"},{"taxonomy":"product_cat","embeddable":true,"href":"http:\/\/shinyyoustationery.com\/pt\/wp-json\/wp\/v2\/product_cat?post=29968"},{"taxonomy":"product_tag","embeddable":true,"href":"http:\/\/shinyyoustationery.com\/pt\/wp-json\/wp\/v2\/product_tag?post=29968"}],"curies":[{"name":"wp","href":"https:\/\/api.w.org\/{rel}","templated":true}]}}