{"id":29985,"date":"2025-05-21T01:39:40","date_gmt":"2025-05-21T09:39:40","guid":{"rendered":"http:\/\/45.63.70.205\/?post_type=product&#038;p=29985"},"modified":"2025-06-20T03:05:55","modified_gmt":"2025-06-20T11:05:55","slug":"wholesale-custom-green-gold-washi-tape-set-4-rolls","status":"publish","type":"product","link":"http:\/\/shinyyoustationery.com\/pt\/wholesale-custom-green-gold-washi-tape-set-4-rolls\/","title":{"rendered":"Conjunto de fita adesiva Washi verde e dourada personalizada por atacado - 4 rolos"},"content":{"rendered":"","protected":false},"excerpt":{"rendered":"<p>D\u00ea um toque de eleg\u00e2ncia aos seus trabalhos manuais com este belo conjunto de fitas washi em tons verdes e dourados. O pacote inclui uma mistura de acabamentos mate, met\u00e1licos e brilhantes, perfeitos para journaling, scrapbooking, embrulho de presentes e decora\u00e7\u00e3o DIY. Apresentado numa caixa kraft floral, este conjunto \u00e9 um presente encantador ou uma adi\u00e7\u00e3o elegante \u00e0 sua cole\u00e7\u00e3o de artigos de papelaria.<\/p>","protected":false},"featured_media":32978,"template":"","meta":[],"product_brand":[],"product_cat":[443,681],"product_tag":[],"class_list":{"0":"post-29985","1":"product","2":"type-product","3":"status-publish","4":"has-post-thumbnail","6":"product_cat-tape","7":"product_cat-green-collection","9":"first","10":"instock","11":"shipping-taxable","12":"product-type-simple"},"_links":{"self":[{"href":"http:\/\/shinyyoustationery.com\/pt\/wp-json\/wp\/v2\/product\/29985","targetHints":{"allow":["GET"]}}],"collection":[{"href":"http:\/\/shinyyoustationery.com\/pt\/wp-json\/wp\/v2\/product"}],"about":[{"href":"http:\/\/shinyyoustationery.com\/pt\/wp-json\/wp\/v2\/types\/product"}],"version-history":[{"count":0,"href":"http:\/\/shinyyoustationery.com\/pt\/wp-json\/wp\/v2\/product\/29985\/revisions"}],"wp:featuredmedia":[{"embeddable":true,"href":"http:\/\/shinyyoustationery.com\/pt\/wp-json\/wp\/v2\/media\/32978"}],"wp:attachment":[{"href":"http:\/\/shinyyoustationery.com\/pt\/wp-json\/wp\/v2\/media?parent=29985"}],"wp:term":[{"taxonomy":"product_brand","embeddable":true,"href":"http:\/\/shinyyoustationery.com\/pt\/wp-json\/wp\/v2\/product_brand?post=29985"},{"taxonomy":"product_cat","embeddable":true,"href":"http:\/\/shinyyoustationery.com\/pt\/wp-json\/wp\/v2\/product_cat?post=29985"},{"taxonomy":"product_tag","embeddable":true,"href":"http:\/\/shinyyoustationery.com\/pt\/wp-json\/wp\/v2\/product_tag?post=29985"}],"curies":[{"name":"wp","href":"https:\/\/api.w.org\/{rel}","templated":true}]}}