{"id":30026,"date":"2025-05-21T03:22:20","date_gmt":"2025-05-21T11:22:20","guid":{"rendered":"http:\/\/45.63.70.205\/?post_type=product&#038;p=30026"},"modified":"2025-07-14T00:48:20","modified_gmt":"2025-07-14T08:48:20","slug":"wholesale-custom-bamboo-desk-organizer","status":"publish","type":"product","link":"http:\/\/shinyyoustationery.com\/pt\/wholesale-custom-bamboo-desk-organizer\/","title":{"rendered":"Organizador de secret\u00e1ria de bambu personalizado por atacado"},"content":{"rendered":"","protected":false},"excerpt":{"rendered":"<p>Mantenha o seu espa\u00e7o de trabalho arrumado e com um estilo natural com este organizador de secret\u00e1ria em bambu amigo do ambiente. Com 10 compartimentos cuidadosamente dimensionados, \u00e9 perfeito para guardar canetas, tesouras, notas adesivas, clipes e outros objectos essenciais de escrit\u00f3rio. O design angular oferece um acesso f\u00e1cil e um toque moderno, tornando-o uma adi\u00e7\u00e3o funcional e bonita \u00e0 sua secret\u00e1ria, quer seja em casa ou no escrit\u00f3rio.<\/p>","protected":false},"featured_media":33273,"template":"","meta":[],"product_brand":[],"product_cat":[683,402,427,675],"product_tag":[],"class_list":{"0":"post-30026","1":"product","2":"type-product","3":"status-publish","4":"has-post-thumbnail","6":"product_cat-eco-friendly-collection","7":"product_cat-desk-organizer-accessories","8":"product_cat-desk-organizer","9":"product_cat-school-desk-organizer","11":"first","12":"instock","13":"shipping-taxable","14":"product-type-simple"},"_links":{"self":[{"href":"http:\/\/shinyyoustationery.com\/pt\/wp-json\/wp\/v2\/product\/30026","targetHints":{"allow":["GET"]}}],"collection":[{"href":"http:\/\/shinyyoustationery.com\/pt\/wp-json\/wp\/v2\/product"}],"about":[{"href":"http:\/\/shinyyoustationery.com\/pt\/wp-json\/wp\/v2\/types\/product"}],"version-history":[{"count":0,"href":"http:\/\/shinyyoustationery.com\/pt\/wp-json\/wp\/v2\/product\/30026\/revisions"}],"wp:featuredmedia":[{"embeddable":true,"href":"http:\/\/shinyyoustationery.com\/pt\/wp-json\/wp\/v2\/media\/33273"}],"wp:attachment":[{"href":"http:\/\/shinyyoustationery.com\/pt\/wp-json\/wp\/v2\/media?parent=30026"}],"wp:term":[{"taxonomy":"product_brand","embeddable":true,"href":"http:\/\/shinyyoustationery.com\/pt\/wp-json\/wp\/v2\/product_brand?post=30026"},{"taxonomy":"product_cat","embeddable":true,"href":"http:\/\/shinyyoustationery.com\/pt\/wp-json\/wp\/v2\/product_cat?post=30026"},{"taxonomy":"product_tag","embeddable":true,"href":"http:\/\/shinyyoustationery.com\/pt\/wp-json\/wp\/v2\/product_tag?post=30026"}],"curies":[{"name":"wp","href":"https:\/\/api.w.org\/{rel}","templated":true}]}}