{"id":30034,"date":"2025-05-21T03:54:30","date_gmt":"2025-05-21T11:54:30","guid":{"rendered":"http:\/\/45.63.70.205\/?post_type=product&#038;p=30034"},"modified":"2025-07-07T10:57:21","modified_gmt":"2025-07-07T02:57:21","slug":"wholesale-custom-lemon-spiral-notebook-with-zipper-pouch-accessories","status":"publish","type":"product","link":"http:\/\/shinyyoustationery.com\/pt\/wholesale-custom-lemon-spiral-notebook-with-zipper-pouch-accessories\/","title":{"rendered":"Caderno de notas em espiral com fecho de correr e acess\u00f3rios"},"content":{"rendered":"","protected":false},"excerpt":{"rendered":"<p>Mantenha-se brilhante e organizado com este divertido caderno em espiral com padr\u00e3o de lim\u00e3o! Inclui uma bolsa de fecho transparente com fecho de correr, cheia de artigos essenciais de papelaria a condizer - incluindo fita adesiva, notas autocolantes, uma r\u00e9gua, um l\u00e1pis e um clipe para fich\u00e1rio. A capa dur\u00e1vel do caderno e a encaderna\u00e7\u00e3o em arame tornam-no perfeito para a escola, para escrever di\u00e1rios ou para projectos criativos. Um conjunto tudo-em-um refrescante que d\u00e1 um toque c\u00edtrico \u00e0 sua rotina di\u00e1ria!<\/p>","protected":false},"featured_media":34753,"template":"","meta":[],"product_brand":[],"product_cat":[682,331,493],"product_tag":[],"class_list":{"0":"post-30034","1":"product","2":"type-product","3":"status-publish","4":"has-post-thumbnail","6":"product_cat-lemon-collection","7":"product_cat-stationery-set","8":"product_cat-spiral-notebook","10":"first","11":"instock","12":"shipping-taxable","13":"product-type-simple"},"_links":{"self":[{"href":"http:\/\/shinyyoustationery.com\/pt\/wp-json\/wp\/v2\/product\/30034","targetHints":{"allow":["GET"]}}],"collection":[{"href":"http:\/\/shinyyoustationery.com\/pt\/wp-json\/wp\/v2\/product"}],"about":[{"href":"http:\/\/shinyyoustationery.com\/pt\/wp-json\/wp\/v2\/types\/product"}],"version-history":[{"count":0,"href":"http:\/\/shinyyoustationery.com\/pt\/wp-json\/wp\/v2\/product\/30034\/revisions"}],"wp:featuredmedia":[{"embeddable":true,"href":"http:\/\/shinyyoustationery.com\/pt\/wp-json\/wp\/v2\/media\/34753"}],"wp:attachment":[{"href":"http:\/\/shinyyoustationery.com\/pt\/wp-json\/wp\/v2\/media?parent=30034"}],"wp:term":[{"taxonomy":"product_brand","embeddable":true,"href":"http:\/\/shinyyoustationery.com\/pt\/wp-json\/wp\/v2\/product_brand?post=30034"},{"taxonomy":"product_cat","embeddable":true,"href":"http:\/\/shinyyoustationery.com\/pt\/wp-json\/wp\/v2\/product_cat?post=30034"},{"taxonomy":"product_tag","embeddable":true,"href":"http:\/\/shinyyoustationery.com\/pt\/wp-json\/wp\/v2\/product_tag?post=30034"}],"curies":[{"name":"wp","href":"https:\/\/api.w.org\/{rel}","templated":true}]}}