{"id":30038,"date":"2025-05-21T04:02:00","date_gmt":"2025-05-21T12:02:00","guid":{"rendered":"http:\/\/45.63.70.205\/?post_type=product&#038;p=30038"},"modified":"2025-06-23T18:17:39","modified_gmt":"2025-06-24T02:17:39","slug":"wholesale-custom-lemon-hardcover-notebook","status":"publish","type":"product","link":"http:\/\/shinyyoustationery.com\/pt\/wholesale-custom-lemon-hardcover-notebook\/","title":{"rendered":"Caderno de capa dura com lim\u00e3o personalizado por atacado"},"content":{"rendered":"","protected":false},"excerpt":{"rendered":"<p>Refresque a sua secret\u00e1ria com este vibrante caderno de capa dura com padr\u00e3o de lim\u00e3o! Com uma capa em PU de toque suave em amarelo citrino e azul pastel, vem completo com uma caneta a condizer adornada com um encanto floral. A aba magn\u00e9tica mant\u00e9m as suas notas seguras, enquanto a argola para caneta integrada garante que est\u00e1 sempre pronto para anotar ideias. Perfeito para escrever di\u00e1rios, fazer listas ou oferecer com um estilo alegre.<\/p>","protected":false},"featured_media":33113,"template":"","meta":[],"product_brand":[],"product_cat":[682,387,667],"product_tag":[],"class_list":{"0":"post-30038","1":"product","2":"type-product","3":"status-publish","4":"has-post-thumbnail","6":"product_cat-lemon-collection","7":"product_cat-notebooks-journals","8":"product_cat-hardcover-notebook","10":"first","11":"instock","12":"shipping-taxable","13":"product-type-simple"},"_links":{"self":[{"href":"http:\/\/shinyyoustationery.com\/pt\/wp-json\/wp\/v2\/product\/30038","targetHints":{"allow":["GET"]}}],"collection":[{"href":"http:\/\/shinyyoustationery.com\/pt\/wp-json\/wp\/v2\/product"}],"about":[{"href":"http:\/\/shinyyoustationery.com\/pt\/wp-json\/wp\/v2\/types\/product"}],"version-history":[{"count":0,"href":"http:\/\/shinyyoustationery.com\/pt\/wp-json\/wp\/v2\/product\/30038\/revisions"}],"wp:featuredmedia":[{"embeddable":true,"href":"http:\/\/shinyyoustationery.com\/pt\/wp-json\/wp\/v2\/media\/33113"}],"wp:attachment":[{"href":"http:\/\/shinyyoustationery.com\/pt\/wp-json\/wp\/v2\/media?parent=30038"}],"wp:term":[{"taxonomy":"product_brand","embeddable":true,"href":"http:\/\/shinyyoustationery.com\/pt\/wp-json\/wp\/v2\/product_brand?post=30038"},{"taxonomy":"product_cat","embeddable":true,"href":"http:\/\/shinyyoustationery.com\/pt\/wp-json\/wp\/v2\/product_cat?post=30038"},{"taxonomy":"product_tag","embeddable":true,"href":"http:\/\/shinyyoustationery.com\/pt\/wp-json\/wp\/v2\/product_tag?post=30038"}],"curies":[{"name":"wp","href":"https:\/\/api.w.org\/{rel}","templated":true}]}}