{"id":30043,"date":"2025-05-21T04:07:47","date_gmt":"2025-05-21T12:07:47","guid":{"rendered":"http:\/\/45.63.70.205\/?post_type=product&#038;p=30043"},"modified":"2025-06-23T00:57:30","modified_gmt":"2025-06-23T08:57:30","slug":"wholesale-custom-lemon-shaped-spiral-notebook","status":"publish","type":"product","link":"http:\/\/shinyyoustationery.com\/pt\/wholesale-custom-lemon-shaped-spiral-notebook\/","title":{"rendered":"Caderno com espiral em forma de lim\u00e3o por atacado e personalizado"},"content":{"rendered":"","protected":false},"excerpt":{"rendered":"<p>D\u00ea um toque sumarento aos seus artigos de papelaria com este caderno em espiral em forma de lim\u00e3o! Com uma capa dura cortada num motivo de lim\u00e3o amarelo brilhante e turquesa, \u00e9 simultaneamente divertido e pr\u00e1tico. A encaderna\u00e7\u00e3o em arame resistente permite folhear facilmente o caderno, tornando-o perfeito para notas, rabiscos ou registos em viagem. Uma adi\u00e7\u00e3o divertida e alegre a qualquer mochila escolar, secret\u00e1ria ou conjunto de oferta.<\/p>","protected":false},"featured_media":33115,"template":"","meta":[],"product_brand":[],"product_cat":[387,493,682],"product_tag":[],"class_list":{"0":"post-30043","1":"product","2":"type-product","3":"status-publish","4":"has-post-thumbnail","6":"product_cat-notebooks-journals","7":"product_cat-spiral-notebook","8":"product_cat-lemon-collection","10":"first","11":"instock","12":"shipping-taxable","13":"product-type-simple"},"_links":{"self":[{"href":"http:\/\/shinyyoustationery.com\/pt\/wp-json\/wp\/v2\/product\/30043","targetHints":{"allow":["GET"]}}],"collection":[{"href":"http:\/\/shinyyoustationery.com\/pt\/wp-json\/wp\/v2\/product"}],"about":[{"href":"http:\/\/shinyyoustationery.com\/pt\/wp-json\/wp\/v2\/types\/product"}],"version-history":[{"count":0,"href":"http:\/\/shinyyoustationery.com\/pt\/wp-json\/wp\/v2\/product\/30043\/revisions"}],"wp:featuredmedia":[{"embeddable":true,"href":"http:\/\/shinyyoustationery.com\/pt\/wp-json\/wp\/v2\/media\/33115"}],"wp:attachment":[{"href":"http:\/\/shinyyoustationery.com\/pt\/wp-json\/wp\/v2\/media?parent=30043"}],"wp:term":[{"taxonomy":"product_brand","embeddable":true,"href":"http:\/\/shinyyoustationery.com\/pt\/wp-json\/wp\/v2\/product_brand?post=30043"},{"taxonomy":"product_cat","embeddable":true,"href":"http:\/\/shinyyoustationery.com\/pt\/wp-json\/wp\/v2\/product_cat?post=30043"},{"taxonomy":"product_tag","embeddable":true,"href":"http:\/\/shinyyoustationery.com\/pt\/wp-json\/wp\/v2\/product_tag?post=30043"}],"curies":[{"name":"wp","href":"https:\/\/api.w.org\/{rel}","templated":true}]}}