{"id":30106,"date":"2025-05-25T21:26:49","date_gmt":"2025-05-26T05:26:49","guid":{"rendered":"http:\/\/45.63.70.205\/?post_type=product&#038;p=30106"},"modified":"2025-06-25T22:40:52","modified_gmt":"2025-06-26T06:40:52","slug":"wholesale-custom-a5-pu-leather-journal-pink-and-black-for-office-school","status":"publish","type":"product","link":"http:\/\/shinyyoustationery.com\/pt\/wholesale-custom-a5-pu-leather-journal-pink-and-black-for-office-school\/","title":{"rendered":"Di\u00e1rio em pele PU A5 personalizado por atacado - Rosa e preto para escrit\u00f3rio e escola"},"content":{"rendered":"","protected":false},"excerpt":{"rendered":"<p>Este di\u00e1rio A5 em pele PU \u00e9 uma escolha elegante e pr\u00e1tica para utiliza\u00e7\u00e3o na escola e no escrit\u00f3rio. As op\u00e7\u00f5es de cor rosa e preto fazem dele uma adi\u00e7\u00e3o divertida \u00e0 sua cole\u00e7\u00e3o de artigos de papelaria. Com uma capa dura duradoura, \u00e9 perfeito para escrever, tomar notas ou escrever um di\u00e1rio. A pr\u00e1tica fita el\u00e1stica garante que as suas p\u00e1ginas se mant\u00eam seguras enquanto est\u00e1 em movimento. Ideal para estudantes, profissionais e todos os que gostam de organizar os seus pensamentos com um toque de cor.<\/p>","protected":false},"featured_media":33621,"template":"","meta":[],"product_brand":[],"product_cat":[387,667,684],"product_tag":[],"class_list":{"0":"post-30106","1":"product","2":"type-product","3":"status-publish","4":"has-post-thumbnail","6":"product_cat-notebooks-journals","7":"product_cat-hardcover-notebook","8":"product_cat-fashion-collection","10":"first","11":"instock","12":"shipping-taxable","13":"product-type-simple"},"_links":{"self":[{"href":"http:\/\/shinyyoustationery.com\/pt\/wp-json\/wp\/v2\/product\/30106","targetHints":{"allow":["GET"]}}],"collection":[{"href":"http:\/\/shinyyoustationery.com\/pt\/wp-json\/wp\/v2\/product"}],"about":[{"href":"http:\/\/shinyyoustationery.com\/pt\/wp-json\/wp\/v2\/types\/product"}],"version-history":[{"count":0,"href":"http:\/\/shinyyoustationery.com\/pt\/wp-json\/wp\/v2\/product\/30106\/revisions"}],"wp:featuredmedia":[{"embeddable":true,"href":"http:\/\/shinyyoustationery.com\/pt\/wp-json\/wp\/v2\/media\/33621"}],"wp:attachment":[{"href":"http:\/\/shinyyoustationery.com\/pt\/wp-json\/wp\/v2\/media?parent=30106"}],"wp:term":[{"taxonomy":"product_brand","embeddable":true,"href":"http:\/\/shinyyoustationery.com\/pt\/wp-json\/wp\/v2\/product_brand?post=30106"},{"taxonomy":"product_cat","embeddable":true,"href":"http:\/\/shinyyoustationery.com\/pt\/wp-json\/wp\/v2\/product_cat?post=30106"},{"taxonomy":"product_tag","embeddable":true,"href":"http:\/\/shinyyoustationery.com\/pt\/wp-json\/wp\/v2\/product_tag?post=30106"}],"curies":[{"name":"wp","href":"https:\/\/api.w.org\/{rel}","templated":true}]}}