{"id":30128,"date":"2025-05-25T23:17:22","date_gmt":"2025-05-26T07:17:22","guid":{"rendered":"http:\/\/45.63.70.205\/?post_type=product&#038;p=30128"},"modified":"2025-06-24T02:36:37","modified_gmt":"2025-06-24T10:36:37","slug":"wholesale-custom-savage-not-average-holographic-notebook","status":"publish","type":"product","link":"http:\/\/shinyyoustationery.com\/pt\/wholesale-custom-savage-not-average-holographic-notebook\/","title":{"rendered":"Caderno hologr\u00e1fico \"SAVAGE NOT AVERAGE\" por atacado e personalizado"},"content":{"rendered":"","protected":false},"excerpt":{"rendered":"<p>Este atraente bloco de notas hologr\u00e1fico apresenta a frase ousada \"SAVAGE NOT AVERAGE\" em letras divertidas e coloridas. A capa cintilante e reflectora acrescenta um toque \u00fanico e divertido, tornando-o o acess\u00f3rio perfeito para quem quer expressar a sua confian\u00e7a e individualidade. Ideal para escrever di\u00e1rios, tomar notas ou como agenda di\u00e1ria, este bloco de notas combina estilo e funcionalidade de uma forma que est\u00e1 longe de ser normal!<\/p>","protected":false},"featured_media":33354,"template":"","meta":[],"product_brand":[],"product_cat":[495,667],"product_tag":[],"class_list":{"0":"post-30128","1":"product","2":"type-product","3":"status-publish","4":"has-post-thumbnail","6":"product_cat-exercise-book","7":"product_cat-hardcover-notebook","9":"first","10":"instock","11":"shipping-taxable","12":"product-type-simple"},"_links":{"self":[{"href":"http:\/\/shinyyoustationery.com\/pt\/wp-json\/wp\/v2\/product\/30128","targetHints":{"allow":["GET"]}}],"collection":[{"href":"http:\/\/shinyyoustationery.com\/pt\/wp-json\/wp\/v2\/product"}],"about":[{"href":"http:\/\/shinyyoustationery.com\/pt\/wp-json\/wp\/v2\/types\/product"}],"version-history":[{"count":0,"href":"http:\/\/shinyyoustationery.com\/pt\/wp-json\/wp\/v2\/product\/30128\/revisions"}],"wp:featuredmedia":[{"embeddable":true,"href":"http:\/\/shinyyoustationery.com\/pt\/wp-json\/wp\/v2\/media\/33354"}],"wp:attachment":[{"href":"http:\/\/shinyyoustationery.com\/pt\/wp-json\/wp\/v2\/media?parent=30128"}],"wp:term":[{"taxonomy":"product_brand","embeddable":true,"href":"http:\/\/shinyyoustationery.com\/pt\/wp-json\/wp\/v2\/product_brand?post=30128"},{"taxonomy":"product_cat","embeddable":true,"href":"http:\/\/shinyyoustationery.com\/pt\/wp-json\/wp\/v2\/product_cat?post=30128"},{"taxonomy":"product_tag","embeddable":true,"href":"http:\/\/shinyyoustationery.com\/pt\/wp-json\/wp\/v2\/product_tag?post=30128"}],"curies":[{"name":"wp","href":"https:\/\/api.w.org\/{rel}","templated":true}]}}