{"id":30133,"date":"2025-05-25T23:44:30","date_gmt":"2025-05-26T07:44:30","guid":{"rendered":"http:\/\/45.63.70.205\/?post_type=product&#038;p=30133"},"modified":"2025-08-04T00:57:09","modified_gmt":"2025-08-04T08:57:09","slug":"wholesale-custom-pink-fashion-pencil-case-fun-storage-for-school-office","status":"publish","type":"product","link":"http:\/\/shinyyoustationery.com\/pt\/wholesale-custom-pink-fashion-pencil-case-fun-storage-for-school-office\/","title":{"rendered":"Estojo de l\u00e1pis de cor-de-rosa personalizado por grosso - Arruma\u00e7\u00e3o divertida para a escola e o escrit\u00f3rio"},"content":{"rendered":"","protected":false},"excerpt":{"rendered":"<p>Este estojo cor-de-rosa vibrante apresenta um design l\u00fadico \"SASS A DAY\", perfeito para dar um toque de cor aos seus acess\u00f3rios escolares ou de escrit\u00f3rio. Feito de material dur\u00e1vel com um fecho de correr seguro, oferece um amplo espa\u00e7o para canetas, l\u00e1pis e outros objectos essenciais. Quer seja para estudantes ou profissionais, este estojo divertido e funcional \u00e9 ideal para manter os seus artigos de papelaria organizados com estilo.<\/p>","protected":false},"featured_media":33649,"template":"","meta":[],"product_brand":[],"product_cat":[520,684],"product_tag":[],"class_list":{"0":"post-30133","1":"product","2":"type-product","3":"status-publish","4":"has-post-thumbnail","6":"product_cat-pencil-case-pouch","7":"product_cat-fashion-collection","9":"first","10":"instock","11":"shipping-taxable","12":"product-type-simple"},"_links":{"self":[{"href":"http:\/\/shinyyoustationery.com\/pt\/wp-json\/wp\/v2\/product\/30133","targetHints":{"allow":["GET"]}}],"collection":[{"href":"http:\/\/shinyyoustationery.com\/pt\/wp-json\/wp\/v2\/product"}],"about":[{"href":"http:\/\/shinyyoustationery.com\/pt\/wp-json\/wp\/v2\/types\/product"}],"version-history":[{"count":0,"href":"http:\/\/shinyyoustationery.com\/pt\/wp-json\/wp\/v2\/product\/30133\/revisions"}],"wp:featuredmedia":[{"embeddable":true,"href":"http:\/\/shinyyoustationery.com\/pt\/wp-json\/wp\/v2\/media\/33649"}],"wp:attachment":[{"href":"http:\/\/shinyyoustationery.com\/pt\/wp-json\/wp\/v2\/media?parent=30133"}],"wp:term":[{"taxonomy":"product_brand","embeddable":true,"href":"http:\/\/shinyyoustationery.com\/pt\/wp-json\/wp\/v2\/product_brand?post=30133"},{"taxonomy":"product_cat","embeddable":true,"href":"http:\/\/shinyyoustationery.com\/pt\/wp-json\/wp\/v2\/product_cat?post=30133"},{"taxonomy":"product_tag","embeddable":true,"href":"http:\/\/shinyyoustationery.com\/pt\/wp-json\/wp\/v2\/product_tag?post=30133"}],"curies":[{"name":"wp","href":"https:\/\/api.w.org\/{rel}","templated":true}]}}