{"id":30139,"date":"2025-05-25T23:54:11","date_gmt":"2025-05-26T07:54:11","guid":{"rendered":"http:\/\/45.63.70.205\/?post_type=product&#038;p=30139"},"modified":"2025-07-08T21:18:26","modified_gmt":"2025-07-08T13:18:26","slug":"wholesale-custom-fun-sassy-3-pack-quote-pens","status":"publish","type":"product","link":"http:\/\/shinyyoustationery.com\/pt\/wholesale-custom-fun-sassy-3-pack-quote-pens\/","title":{"rendered":"Wholesale Canetas com cita\u00e7\u00f5es personalizadas Fun Sassy 3-Pack"},"content":{"rendered":"","protected":false},"excerpt":{"rendered":"<p>Este conjunto de tr\u00eas canetas com cita\u00e7\u00f5es d\u00e1 um toque divertido e atrevido \u00e0 sua cole\u00e7\u00e3o de artigos de papelaria. Com cores vibrantes e cita\u00e7\u00f5es divertidas, como \"BLAH BLAH\", \"SASSY SINCE BIRTH\" e \"GIRLS\", estas canetas s\u00e3o perfeitas para fazer uma declara\u00e7\u00e3o enquanto escreve. Os detalhes dourados e a parte superior em forma de cora\u00e7\u00e3o d\u00e3o um toque de estilo, tornando-as n\u00e3o s\u00f3 funcionais, mas tamb\u00e9m acess\u00f3rios divertidos para a sua secret\u00e1ria ou estojo. Um must-have para quem gosta de um pouco de personalidade nos seus objectos essenciais do dia a dia!<\/p>","protected":false},"featured_media":35077,"template":"","meta":[],"product_brand":[],"product_cat":[415,479],"product_tag":[],"class_list":{"0":"post-30139","1":"product","2":"type-product","3":"status-publish","4":"has-post-thumbnail","6":"product_cat-pen","7":"product_cat-ballpoint-pen","9":"first","10":"instock","11":"shipping-taxable","12":"product-type-simple"},"_links":{"self":[{"href":"http:\/\/shinyyoustationery.com\/pt\/wp-json\/wp\/v2\/product\/30139","targetHints":{"allow":["GET"]}}],"collection":[{"href":"http:\/\/shinyyoustationery.com\/pt\/wp-json\/wp\/v2\/product"}],"about":[{"href":"http:\/\/shinyyoustationery.com\/pt\/wp-json\/wp\/v2\/types\/product"}],"version-history":[{"count":0,"href":"http:\/\/shinyyoustationery.com\/pt\/wp-json\/wp\/v2\/product\/30139\/revisions"}],"wp:featuredmedia":[{"embeddable":true,"href":"http:\/\/shinyyoustationery.com\/pt\/wp-json\/wp\/v2\/media\/35077"}],"wp:attachment":[{"href":"http:\/\/shinyyoustationery.com\/pt\/wp-json\/wp\/v2\/media?parent=30139"}],"wp:term":[{"taxonomy":"product_brand","embeddable":true,"href":"http:\/\/shinyyoustationery.com\/pt\/wp-json\/wp\/v2\/product_brand?post=30139"},{"taxonomy":"product_cat","embeddable":true,"href":"http:\/\/shinyyoustationery.com\/pt\/wp-json\/wp\/v2\/product_cat?post=30139"},{"taxonomy":"product_tag","embeddable":true,"href":"http:\/\/shinyyoustationery.com\/pt\/wp-json\/wp\/v2\/product_tag?post=30139"}],"curies":[{"name":"wp","href":"https:\/\/api.w.org\/{rel}","templated":true}]}}