{"id":30144,"date":"2025-05-26T00:17:00","date_gmt":"2025-05-26T08:17:00","guid":{"rendered":"http:\/\/45.63.70.205\/?post_type=product&#038;p=30144"},"modified":"2025-06-26T00:56:47","modified_gmt":"2025-06-26T08:56:47","slug":"wholesale-custom-copper-desk-paper-clip-holder-fashion-office-home-desk-accessory","status":"publish","type":"product","link":"http:\/\/shinyyoustationery.com\/pt\/wholesale-custom-copper-desk-paper-clip-holder-fashion-office-home-desk-accessory\/","title":{"rendered":"Suporte para clipes de papel de secret\u00e1ria de cobre personalizado por grosso Acess\u00f3rio de secret\u00e1ria para escrit\u00f3rio e casa"},"content":{"rendered":"","protected":false},"excerpt":{"rendered":"<p>Este elegante suporte de cobre para clipes de papel d\u00e1 um toque elegante a qualquer escrit\u00f3rio ou espa\u00e7o de trabalho dom\u00e9stico. O seu design moderno, em forma de c\u00fapula, n\u00e3o s\u00f3 mant\u00e9m os seus clipes de papel organizados, como tamb\u00e9m serve como um acess\u00f3rio de secret\u00e1ria elegante. A embalagem transparente permite-lhe ver o design funcional e elegante, tornando-o numa mistura perfeita de estilo e praticidade. Ideal para manter a sua secret\u00e1ria arrumada e, ao mesmo tempo, dar um toque de estilo.<\/p>","protected":false},"featured_media":33659,"template":"","meta":[],"product_brand":[],"product_cat":[684,421,427],"product_tag":[],"class_list":{"0":"post-30144","1":"product","2":"type-product","3":"status-publish","4":"has-post-thumbnail","6":"product_cat-fashion-collection","7":"product_cat-paper-clip","8":"product_cat-desk-organizer","10":"first","11":"instock","12":"shipping-taxable","13":"product-type-simple"},"_links":{"self":[{"href":"http:\/\/shinyyoustationery.com\/pt\/wp-json\/wp\/v2\/product\/30144","targetHints":{"allow":["GET"]}}],"collection":[{"href":"http:\/\/shinyyoustationery.com\/pt\/wp-json\/wp\/v2\/product"}],"about":[{"href":"http:\/\/shinyyoustationery.com\/pt\/wp-json\/wp\/v2\/types\/product"}],"version-history":[{"count":0,"href":"http:\/\/shinyyoustationery.com\/pt\/wp-json\/wp\/v2\/product\/30144\/revisions"}],"wp:featuredmedia":[{"embeddable":true,"href":"http:\/\/shinyyoustationery.com\/pt\/wp-json\/wp\/v2\/media\/33659"}],"wp:attachment":[{"href":"http:\/\/shinyyoustationery.com\/pt\/wp-json\/wp\/v2\/media?parent=30144"}],"wp:term":[{"taxonomy":"product_brand","embeddable":true,"href":"http:\/\/shinyyoustationery.com\/pt\/wp-json\/wp\/v2\/product_brand?post=30144"},{"taxonomy":"product_cat","embeddable":true,"href":"http:\/\/shinyyoustationery.com\/pt\/wp-json\/wp\/v2\/product_cat?post=30144"},{"taxonomy":"product_tag","embeddable":true,"href":"http:\/\/shinyyoustationery.com\/pt\/wp-json\/wp\/v2\/product_tag?post=30144"}],"curies":[{"name":"wp","href":"https:\/\/api.w.org\/{rel}","templated":true}]}}