{"id":30158,"date":"2025-05-26T00:53:32","date_gmt":"2025-05-26T08:53:32","guid":{"rendered":"http:\/\/45.63.70.205\/?post_type=product&#038;p=30158"},"modified":"2025-06-26T02:34:59","modified_gmt":"2025-06-26T10:34:59","slug":"wholesale-custom-simple-fashion-document-bags-for-office-school","status":"publish","type":"product","link":"http:\/\/shinyyoustationery.com\/pt\/wholesale-custom-simple-fashion-document-bags-for-office-school\/","title":{"rendered":"Sacos de documentos de moda simples e personalizados por atacado para escrit\u00f3rio e escola"},"content":{"rendered":"","protected":false},"excerpt":{"rendered":"<p>Este conjunto de tr\u00eas elegantes sacos para documentos em rosa, amarelo e branco oferece uma forma divertida e pr\u00e1tica de organizar os seus documentos no escrit\u00f3rio, na escola ou em casa. Cada saco possui um fecho seguro, mantendo os seus documentos seguros e bem guardados. Perfeito para uso quotidiano em v\u00e1rios ambientes!<\/p>","protected":false},"featured_media":33671,"template":"","meta":[],"product_brand":[],"product_cat":[412,531,684],"product_tag":[],"class_list":{"0":"post-30158","1":"product","2":"type-product","3":"status-publish","4":"has-post-thumbnail","6":"product_cat-document-file-folder","7":"product_cat-document-bag-case","8":"product_cat-fashion-collection","10":"first","11":"instock","12":"shipping-taxable","13":"product-type-simple"},"_links":{"self":[{"href":"http:\/\/shinyyoustationery.com\/pt\/wp-json\/wp\/v2\/product\/30158","targetHints":{"allow":["GET"]}}],"collection":[{"href":"http:\/\/shinyyoustationery.com\/pt\/wp-json\/wp\/v2\/product"}],"about":[{"href":"http:\/\/shinyyoustationery.com\/pt\/wp-json\/wp\/v2\/types\/product"}],"version-history":[{"count":0,"href":"http:\/\/shinyyoustationery.com\/pt\/wp-json\/wp\/v2\/product\/30158\/revisions"}],"wp:featuredmedia":[{"embeddable":true,"href":"http:\/\/shinyyoustationery.com\/pt\/wp-json\/wp\/v2\/media\/33671"}],"wp:attachment":[{"href":"http:\/\/shinyyoustationery.com\/pt\/wp-json\/wp\/v2\/media?parent=30158"}],"wp:term":[{"taxonomy":"product_brand","embeddable":true,"href":"http:\/\/shinyyoustationery.com\/pt\/wp-json\/wp\/v2\/product_brand?post=30158"},{"taxonomy":"product_cat","embeddable":true,"href":"http:\/\/shinyyoustationery.com\/pt\/wp-json\/wp\/v2\/product_cat?post=30158"},{"taxonomy":"product_tag","embeddable":true,"href":"http:\/\/shinyyoustationery.com\/pt\/wp-json\/wp\/v2\/product_tag?post=30158"}],"curies":[{"name":"wp","href":"https:\/\/api.w.org\/{rel}","templated":true}]}}