{"id":30164,"date":"2025-05-26T01:15:17","date_gmt":"2025-05-26T09:15:17","guid":{"rendered":"http:\/\/45.63.70.205\/?post_type=product&#038;p=30164"},"modified":"2025-06-19T02:35:28","modified_gmt":"2025-06-19T10:35:28","slug":"custom-trendy-personalized-spiral-notebooks","status":"publish","type":"product","link":"http:\/\/shinyyoustationery.com\/pt\/custom-trendy-personalized-spiral-notebooks\/","title":{"rendered":"Cadernos em espiral personalizados e na moda"},"content":{"rendered":"","protected":false},"excerpt":{"rendered":"<p>Descubra a nossa cole\u00e7\u00e3o de cadernos em espiral personaliz\u00e1veis, perfeitos para a empresa, escola ou uso pessoal. Dispon\u00edveis numa variedade de designs elegantes, estes cadernos oferecem funcionalidade e moda. Personalize com o seu log\u00f3tipo, mensagem ou desenhos exclusivos para criar o material de escrit\u00f3rio perfeito para a sua marca ou evento. Ideal para presentes, promo\u00e7\u00f5es e uso di\u00e1rio!<\/p>","protected":false},"featured_media":30165,"template":"","meta":[],"product_brand":[],"product_cat":[493],"product_tag":[],"class_list":{"0":"post-30164","1":"product","2":"type-product","3":"status-publish","4":"has-post-thumbnail","6":"product_cat-spiral-notebook","8":"first","9":"instock","10":"shipping-taxable","11":"product-type-simple"},"_links":{"self":[{"href":"http:\/\/shinyyoustationery.com\/pt\/wp-json\/wp\/v2\/product\/30164","targetHints":{"allow":["GET"]}}],"collection":[{"href":"http:\/\/shinyyoustationery.com\/pt\/wp-json\/wp\/v2\/product"}],"about":[{"href":"http:\/\/shinyyoustationery.com\/pt\/wp-json\/wp\/v2\/types\/product"}],"version-history":[{"count":0,"href":"http:\/\/shinyyoustationery.com\/pt\/wp-json\/wp\/v2\/product\/30164\/revisions"}],"wp:featuredmedia":[{"embeddable":true,"href":"http:\/\/shinyyoustationery.com\/pt\/wp-json\/wp\/v2\/media\/30165"}],"wp:attachment":[{"href":"http:\/\/shinyyoustationery.com\/pt\/wp-json\/wp\/v2\/media?parent=30164"}],"wp:term":[{"taxonomy":"product_brand","embeddable":true,"href":"http:\/\/shinyyoustationery.com\/pt\/wp-json\/wp\/v2\/product_brand?post=30164"},{"taxonomy":"product_cat","embeddable":true,"href":"http:\/\/shinyyoustationery.com\/pt\/wp-json\/wp\/v2\/product_cat?post=30164"},{"taxonomy":"product_tag","embeddable":true,"href":"http:\/\/shinyyoustationery.com\/pt\/wp-json\/wp\/v2\/product_tag?post=30164"}],"curies":[{"name":"wp","href":"https:\/\/api.w.org\/{rel}","templated":true}]}}