{"id":30169,"date":"2025-05-26T01:25:12","date_gmt":"2025-05-26T09:25:12","guid":{"rendered":"http:\/\/45.63.70.205\/?post_type=product&#038;p=30169"},"modified":"2025-05-26T01:26:32","modified_gmt":"2025-05-26T09:26:32","slug":"custom-minimalist-weekly-planner-pad","status":"publish","type":"product","link":"http:\/\/shinyyoustationery.com\/pt\/custom-minimalist-weekly-planner-pad\/","title":{"rendered":"Bloco de notas personalizado minimalista para a agenda semanal"},"content":{"rendered":"","protected":false},"excerpt":{"rendered":"<p>Mantenha a sua semana no caminho certo com o nosso bloco de planifica\u00e7\u00e3o semanal simples e moderno. Com espa\u00e7os designados para cada dia da semana, fim de semana, prioridades e uma lista de tarefas, esta agenda ajuda a aumentar a produtividade e a clareza. Ideal para personalizar com a sua marca ou desenhos pessoais, \u00e9 perfeita para brindes de empresas, papelarias ou uso pessoal. As folhas destac\u00e1veis facilitam a sua utiliza\u00e7\u00e3o em casa, na escola ou no escrit\u00f3rio.<\/p>","protected":false},"featured_media":30170,"template":"","meta":[],"product_brand":[],"product_cat":[669],"product_tag":[],"class_list":{"0":"post-30169","1":"product","2":"type-product","3":"status-publish","4":"has-post-thumbnail","6":"product_cat-planners","8":"first","9":"instock","10":"shipping-taxable","11":"product-type-simple"},"_links":{"self":[{"href":"http:\/\/shinyyoustationery.com\/pt\/wp-json\/wp\/v2\/product\/30169","targetHints":{"allow":["GET"]}}],"collection":[{"href":"http:\/\/shinyyoustationery.com\/pt\/wp-json\/wp\/v2\/product"}],"about":[{"href":"http:\/\/shinyyoustationery.com\/pt\/wp-json\/wp\/v2\/types\/product"}],"version-history":[{"count":0,"href":"http:\/\/shinyyoustationery.com\/pt\/wp-json\/wp\/v2\/product\/30169\/revisions"}],"wp:featuredmedia":[{"embeddable":true,"href":"http:\/\/shinyyoustationery.com\/pt\/wp-json\/wp\/v2\/media\/30170"}],"wp:attachment":[{"href":"http:\/\/shinyyoustationery.com\/pt\/wp-json\/wp\/v2\/media?parent=30169"}],"wp:term":[{"taxonomy":"product_brand","embeddable":true,"href":"http:\/\/shinyyoustationery.com\/pt\/wp-json\/wp\/v2\/product_brand?post=30169"},{"taxonomy":"product_cat","embeddable":true,"href":"http:\/\/shinyyoustationery.com\/pt\/wp-json\/wp\/v2\/product_cat?post=30169"},{"taxonomy":"product_tag","embeddable":true,"href":"http:\/\/shinyyoustationery.com\/pt\/wp-json\/wp\/v2\/product_tag?post=30169"}],"curies":[{"name":"wp","href":"https:\/\/api.w.org\/{rel}","templated":true}]}}