{"id":30172,"date":"2025-05-26T01:54:58","date_gmt":"2025-05-26T09:54:58","guid":{"rendered":"http:\/\/45.63.70.205\/?post_type=product&#038;p=30172"},"modified":"2025-05-26T01:55:42","modified_gmt":"2025-05-26T09:55:42","slug":"custom-revision-cards-perfect-for-study-notes-and-personalized-branding","status":"publish","type":"product","link":"http:\/\/shinyyoustationery.com\/pt\/custom-revision-cards-perfect-for-study-notes-and-personalized-branding\/","title":{"rendered":"Cart\u00f5es de revis\u00e3o personalizados - perfeitos para estudar, tomar notas e personalizar a marca"},"content":{"rendered":"","protected":false},"excerpt":{"rendered":"<p>Os nossos cart\u00f5es de revis\u00e3o personalizados s\u00e3o ideais para estudantes, educadores e empresas. Fabricados com materiais duradouros e de alta qualidade, estes cart\u00f5es s\u00e3o perfeitos para tomar notas, fazer revis\u00f5es e memorizar. Personalize-os com o seu log\u00f3tipo, desenho ou mensagem para uso pessoal ou promocional. Dispon\u00edveis em v\u00e1rios tamanhos e acabamentos, estes cart\u00f5es s\u00e3o uma ferramenta pr\u00e1tica e elegante para aprendizagem e organiza\u00e7\u00e3o. Quer esteja a preparar-se para exames ou \u00e0 procura de uma forma eficaz de promover a sua marca, os nossos cart\u00f5es de revis\u00e3o personalizados s\u00e3o a solu\u00e7\u00e3o perfeita.<\/p>","protected":false},"featured_media":30173,"template":"","meta":[],"product_brand":[],"product_cat":[670],"product_tag":[],"class_list":{"0":"post-30172","1":"product","2":"type-product","3":"status-publish","4":"has-post-thumbnail","6":"product_cat-revision-card","8":"first","9":"instock","10":"shipping-taxable","11":"product-type-simple"},"_links":{"self":[{"href":"http:\/\/shinyyoustationery.com\/pt\/wp-json\/wp\/v2\/product\/30172","targetHints":{"allow":["GET"]}}],"collection":[{"href":"http:\/\/shinyyoustationery.com\/pt\/wp-json\/wp\/v2\/product"}],"about":[{"href":"http:\/\/shinyyoustationery.com\/pt\/wp-json\/wp\/v2\/types\/product"}],"version-history":[{"count":0,"href":"http:\/\/shinyyoustationery.com\/pt\/wp-json\/wp\/v2\/product\/30172\/revisions"}],"wp:featuredmedia":[{"embeddable":true,"href":"http:\/\/shinyyoustationery.com\/pt\/wp-json\/wp\/v2\/media\/30173"}],"wp:attachment":[{"href":"http:\/\/shinyyoustationery.com\/pt\/wp-json\/wp\/v2\/media?parent=30172"}],"wp:term":[{"taxonomy":"product_brand","embeddable":true,"href":"http:\/\/shinyyoustationery.com\/pt\/wp-json\/wp\/v2\/product_brand?post=30172"},{"taxonomy":"product_cat","embeddable":true,"href":"http:\/\/shinyyoustationery.com\/pt\/wp-json\/wp\/v2\/product_cat?post=30172"},{"taxonomy":"product_tag","embeddable":true,"href":"http:\/\/shinyyoustationery.com\/pt\/wp-json\/wp\/v2\/product_tag?post=30172"}],"curies":[{"name":"wp","href":"https:\/\/api.w.org\/{rel}","templated":true}]}}