{"id":30178,"date":"2025-05-26T02:19:52","date_gmt":"2025-05-26T10:19:52","guid":{"rendered":"http:\/\/45.63.70.205\/?post_type=product&#038;p=30178"},"modified":"2025-05-26T02:19:52","modified_gmt":"2025-05-26T10:19:52","slug":"custom-poly-envelopes-stylish-and-practical-document-storage","status":"publish","type":"product","link":"http:\/\/shinyyoustationery.com\/pt\/custom-poly-envelopes-stylish-and-practical-document-storage\/","title":{"rendered":"Envelopes polivalentes personalizados - Armazenamento de documentos pr\u00e1tico e com estilo"},"content":{"rendered":"","protected":false},"excerpt":{"rendered":"<p>Os nossos envelopes Poly personalizados combinam funcionalidade e estilo, sendo perfeitos para guardar documentos, pap\u00e9is e artigos de papelaria. Com padr\u00f5es modernos, tais como formas geom\u00e9tricas e desenhos de texto arrojados, estes envelopes oferecem uma forma moderna de se manter organizado. Quer pretenda personalizar para uma marca comercial, eventos escolares ou uso pessoal, estes envelopes dur\u00e1veis e resistentes \u00e0 \u00e1gua podem ser adaptados com log\u00f3tipos, mensagens ou desenhos criativos para satisfazer as suas necessidades. Ideais para manter documentos importantes em seguran\u00e7a e dar um toque de eleg\u00e2ncia \u00e0 sua cole\u00e7\u00e3o de artigos de papelaria.<\/p>","protected":false},"featured_media":30179,"template":"","meta":[],"product_brand":[],"product_cat":[380],"product_tag":[],"class_list":{"0":"post-30178","1":"product","2":"type-product","3":"status-publish","4":"has-post-thumbnail","6":"product_cat-school-stationery","8":"first","9":"instock","10":"shipping-taxable","11":"product-type-simple"},"_links":{"self":[{"href":"http:\/\/shinyyoustationery.com\/pt\/wp-json\/wp\/v2\/product\/30178","targetHints":{"allow":["GET"]}}],"collection":[{"href":"http:\/\/shinyyoustationery.com\/pt\/wp-json\/wp\/v2\/product"}],"about":[{"href":"http:\/\/shinyyoustationery.com\/pt\/wp-json\/wp\/v2\/types\/product"}],"version-history":[{"count":0,"href":"http:\/\/shinyyoustationery.com\/pt\/wp-json\/wp\/v2\/product\/30178\/revisions"}],"wp:featuredmedia":[{"embeddable":true,"href":"http:\/\/shinyyoustationery.com\/pt\/wp-json\/wp\/v2\/media\/30179"}],"wp:attachment":[{"href":"http:\/\/shinyyoustationery.com\/pt\/wp-json\/wp\/v2\/media?parent=30178"}],"wp:term":[{"taxonomy":"product_brand","embeddable":true,"href":"http:\/\/shinyyoustationery.com\/pt\/wp-json\/wp\/v2\/product_brand?post=30178"},{"taxonomy":"product_cat","embeddable":true,"href":"http:\/\/shinyyoustationery.com\/pt\/wp-json\/wp\/v2\/product_cat?post=30178"},{"taxonomy":"product_tag","embeddable":true,"href":"http:\/\/shinyyoustationery.com\/pt\/wp-json\/wp\/v2\/product_tag?post=30178"}],"curies":[{"name":"wp","href":"https:\/\/api.w.org\/{rel}","templated":true}]}}