{"id":30196,"date":"2025-05-26T02:59:06","date_gmt":"2025-05-26T10:59:06","guid":{"rendered":"http:\/\/45.63.70.205\/?post_type=product&#038;p=30196"},"modified":"2025-07-02T19:45:38","modified_gmt":"2025-07-02T11:45:38","slug":"custom-stylish-striped-pencils-8-pack-set","status":"publish","type":"product","link":"http:\/\/shinyyoustationery.com\/pt\/custom-stylish-striped-pencils-8-pack-set\/","title":{"rendered":"L\u00e1pis \u00e0s riscas com estilo personalizado - Conjunto de 8 unidades"},"content":{"rendered":"","protected":false},"excerpt":{"rendered":"<p>D\u00ea um toque de sofistica\u00e7\u00e3o \u00e0 sua escrita com os nossos l\u00e1pis \u00e0s riscas personalizados. Cada embalagem cont\u00e9m 8 l\u00e1pis elegantes com riscas pretas e brancas arrojadas, oferecendo funcionalidade e estilo. Perfeitos para estudantes, profissionais ou brindes promocionais, estes l\u00e1pis podem ser facilmente personalizados com o seu log\u00f3tipo ou mensagem. Quer os utilize para escrever no dia a dia, para projectos escolares ou como um presente elegante, estes l\u00e1pis causar\u00e3o certamente uma boa impress\u00e3o, proporcionando um desempenho fi\u00e1vel.<\/p>","protected":false},"featured_media":30215,"template":"","meta":[],"product_brand":[],"product_cat":[415],"product_tag":[],"class_list":{"0":"post-30196","1":"product","2":"type-product","3":"status-publish","4":"has-post-thumbnail","6":"product_cat-pen","8":"first","9":"instock","10":"shipping-taxable","11":"product-type-simple"},"_links":{"self":[{"href":"http:\/\/shinyyoustationery.com\/pt\/wp-json\/wp\/v2\/product\/30196","targetHints":{"allow":["GET"]}}],"collection":[{"href":"http:\/\/shinyyoustationery.com\/pt\/wp-json\/wp\/v2\/product"}],"about":[{"href":"http:\/\/shinyyoustationery.com\/pt\/wp-json\/wp\/v2\/types\/product"}],"version-history":[{"count":0,"href":"http:\/\/shinyyoustationery.com\/pt\/wp-json\/wp\/v2\/product\/30196\/revisions"}],"wp:featuredmedia":[{"embeddable":true,"href":"http:\/\/shinyyoustationery.com\/pt\/wp-json\/wp\/v2\/media\/30215"}],"wp:attachment":[{"href":"http:\/\/shinyyoustationery.com\/pt\/wp-json\/wp\/v2\/media?parent=30196"}],"wp:term":[{"taxonomy":"product_brand","embeddable":true,"href":"http:\/\/shinyyoustationery.com\/pt\/wp-json\/wp\/v2\/product_brand?post=30196"},{"taxonomy":"product_cat","embeddable":true,"href":"http:\/\/shinyyoustationery.com\/pt\/wp-json\/wp\/v2\/product_cat?post=30196"},{"taxonomy":"product_tag","embeddable":true,"href":"http:\/\/shinyyoustationery.com\/pt\/wp-json\/wp\/v2\/product_tag?post=30196"}],"curies":[{"name":"wp","href":"https:\/\/api.w.org\/{rel}","templated":true}]}}