{"id":30198,"date":"2025-05-26T03:04:03","date_gmt":"2025-05-26T11:04:03","guid":{"rendered":"http:\/\/45.63.70.205\/?post_type=product&#038;p=30198"},"modified":"2025-07-02T19:45:30","modified_gmt":"2025-07-02T11:45:30","slug":"custom-colorful-highlighter-set-bold-polka-dot-design-4-pack","status":"publish","type":"product","link":"http:\/\/shinyyoustationery.com\/pt\/custom-colorful-highlighter-set-bold-polka-dot-design-4-pack\/","title":{"rendered":"Conjunto de marcadores coloridos personalizados - Design arrojado de bolinhas (embalagem com 4)"},"content":{"rendered":"","protected":false},"excerpt":{"rendered":"<p>Ilumine as suas sess\u00f5es de estudo com o nosso conjunto de marcadores personalizados Polka Dot Highlighter. Este conjunto de 4 marcadores apresenta marcadores cor-de-rosa, amarelos, verdes e azuis vibrantes com um design elegante de bolinhas a preto e branco. Perfeitos para organizar as suas notas, real\u00e7ar informa\u00e7\u00f5es importantes e dar um toque de cor ao seu espa\u00e7o de trabalho. Personalize estes marcadores com o log\u00f3tipo da sua marca ou com um design personalizado para um produto promocional divertido e funcional. Quer sejam para estudantes, profissionais ou brindes, estes marcadores de texto v\u00e3o certamente causar uma boa impress\u00e3o!<\/p>","protected":false},"featured_media":30199,"template":"","meta":[],"product_brand":[],"product_cat":[415,418],"product_tag":[],"class_list":{"0":"post-30198","1":"product","2":"type-product","3":"status-publish","4":"has-post-thumbnail","6":"product_cat-pen","7":"product_cat-highlighter","9":"first","10":"instock","11":"shipping-taxable","12":"product-type-simple"},"_links":{"self":[{"href":"http:\/\/shinyyoustationery.com\/pt\/wp-json\/wp\/v2\/product\/30198","targetHints":{"allow":["GET"]}}],"collection":[{"href":"http:\/\/shinyyoustationery.com\/pt\/wp-json\/wp\/v2\/product"}],"about":[{"href":"http:\/\/shinyyoustationery.com\/pt\/wp-json\/wp\/v2\/types\/product"}],"version-history":[{"count":0,"href":"http:\/\/shinyyoustationery.com\/pt\/wp-json\/wp\/v2\/product\/30198\/revisions"}],"wp:featuredmedia":[{"embeddable":true,"href":"http:\/\/shinyyoustationery.com\/pt\/wp-json\/wp\/v2\/media\/30199"}],"wp:attachment":[{"href":"http:\/\/shinyyoustationery.com\/pt\/wp-json\/wp\/v2\/media?parent=30198"}],"wp:term":[{"taxonomy":"product_brand","embeddable":true,"href":"http:\/\/shinyyoustationery.com\/pt\/wp-json\/wp\/v2\/product_brand?post=30198"},{"taxonomy":"product_cat","embeddable":true,"href":"http:\/\/shinyyoustationery.com\/pt\/wp-json\/wp\/v2\/product_cat?post=30198"},{"taxonomy":"product_tag","embeddable":true,"href":"http:\/\/shinyyoustationery.com\/pt\/wp-json\/wp\/v2\/product_tag?post=30198"}],"curies":[{"name":"wp","href":"https:\/\/api.w.org\/{rel}","templated":true}]}}