{"id":30205,"date":"2025-05-26T03:18:09","date_gmt":"2025-05-26T11:18:09","guid":{"rendered":"http:\/\/45.63.70.205\/?post_type=product&#038;p=30205"},"modified":"2025-07-07T15:21:02","modified_gmt":"2025-07-07T07:21:02","slug":"custom-stylish-black-and-white-geometric-pencil-case","status":"publish","type":"product","link":"http:\/\/shinyyoustationery.com\/pt\/custom-stylish-black-and-white-geometric-pencil-case\/","title":{"rendered":"Estojo geom\u00e9trico preto e branco com estilo personalizado"},"content":{"rendered":"","protected":false},"excerpt":{"rendered":"<p>Mantenha os seus artigos de papelaria elegantemente organizados com o nosso estojo de l\u00e1pis preto e branco personalizado e elegante. Este estojo compacto e moderno apresenta um design exclusivo de bolinhas a preto e branco, oferecendo durabilidade e eleg\u00e2ncia. Perfeito para estudantes, profissionais e todos os que gostam de arruma\u00e7\u00e3o com um toque de estilo, este estojo pode ser personalizado com o seu log\u00f3tipo ou desenho. Ideal para guardar canetas, l\u00e1pis, marcadores e outros pequenos acess\u00f3rios, \u00e9 o complemento perfeito para a sua secret\u00e1ria ou mochila. Mantenha-se organizado e d\u00ea um toque divertido aos seus objectos essenciais do dia a dia!<\/p>","protected":false},"featured_media":30206,"template":"","meta":[],"product_brand":[],"product_cat":[477,520],"product_tag":[],"class_list":{"0":"post-30205","1":"product","2":"type-product","3":"status-publish","4":"has-post-thumbnail","6":"product_cat-school-bags","7":"product_cat-pencil-case-pouch","9":"first","10":"instock","11":"shipping-taxable","12":"product-type-simple"},"_links":{"self":[{"href":"http:\/\/shinyyoustationery.com\/pt\/wp-json\/wp\/v2\/product\/30205","targetHints":{"allow":["GET"]}}],"collection":[{"href":"http:\/\/shinyyoustationery.com\/pt\/wp-json\/wp\/v2\/product"}],"about":[{"href":"http:\/\/shinyyoustationery.com\/pt\/wp-json\/wp\/v2\/types\/product"}],"version-history":[{"count":0,"href":"http:\/\/shinyyoustationery.com\/pt\/wp-json\/wp\/v2\/product\/30205\/revisions"}],"wp:featuredmedia":[{"embeddable":true,"href":"http:\/\/shinyyoustationery.com\/pt\/wp-json\/wp\/v2\/media\/30206"}],"wp:attachment":[{"href":"http:\/\/shinyyoustationery.com\/pt\/wp-json\/wp\/v2\/media?parent=30205"}],"wp:term":[{"taxonomy":"product_brand","embeddable":true,"href":"http:\/\/shinyyoustationery.com\/pt\/wp-json\/wp\/v2\/product_brand?post=30205"},{"taxonomy":"product_cat","embeddable":true,"href":"http:\/\/shinyyoustationery.com\/pt\/wp-json\/wp\/v2\/product_cat?post=30205"},{"taxonomy":"product_tag","embeddable":true,"href":"http:\/\/shinyyoustationery.com\/pt\/wp-json\/wp\/v2\/product_tag?post=30205"}],"curies":[{"name":"wp","href":"https:\/\/api.w.org\/{rel}","templated":true}]}}