{"id":32971,"date":"2025-06-20T02:52:05","date_gmt":"2025-06-20T10:52:05","guid":{"rendered":"http:\/\/45.63.70.205\/?post_type=product&#038;p=32971"},"modified":"2025-06-20T03:00:25","modified_gmt":"2025-06-20T11:00:25","slug":"wholesale-custom-a5-weekly-planner-notebook-with-green-floral-design","status":"publish","type":"product","link":"http:\/\/shinyyoustationery.com\/pt\/wholesale-custom-a5-weekly-planner-notebook-with-green-floral-design\/","title":{"rendered":"Caderno de planeamento semanal A5 personalizado por atacado com design floral verde"},"content":{"rendered":"","protected":false},"excerpt":{"rendered":"<p>Mantenha-se organizado com esta agenda semanal simples e elegante. Com uma disposi\u00e7\u00e3o simples para cada dia da semana, \u00e9 perfeita para planear as suas tarefas e compromissos. A capa verde com um delicado design floral d\u00e1 um toque refrescante de natureza ao seu espa\u00e7o de trabalho. Compacta e f\u00e1cil de transportar, esta agenda ajuda-o a manter-se a par da sua agenda com estilo. Perfeita para quem gosta de planear com um design minimalista mas encantador.<\/p>","protected":false},"featured_media":32973,"template":"","meta":[],"product_brand":[],"product_cat":[669,681],"product_tag":[],"class_list":{"0":"post-32971","1":"product","2":"type-product","3":"status-publish","4":"has-post-thumbnail","6":"product_cat-planners","7":"product_cat-green-collection","9":"first","10":"instock","11":"shipping-taxable","12":"product-type-simple"},"_links":{"self":[{"href":"http:\/\/shinyyoustationery.com\/pt\/wp-json\/wp\/v2\/product\/32971","targetHints":{"allow":["GET"]}}],"collection":[{"href":"http:\/\/shinyyoustationery.com\/pt\/wp-json\/wp\/v2\/product"}],"about":[{"href":"http:\/\/shinyyoustationery.com\/pt\/wp-json\/wp\/v2\/types\/product"}],"version-history":[{"count":0,"href":"http:\/\/shinyyoustationery.com\/pt\/wp-json\/wp\/v2\/product\/32971\/revisions"}],"wp:featuredmedia":[{"embeddable":true,"href":"http:\/\/shinyyoustationery.com\/pt\/wp-json\/wp\/v2\/media\/32973"}],"wp:attachment":[{"href":"http:\/\/shinyyoustationery.com\/pt\/wp-json\/wp\/v2\/media?parent=32971"}],"wp:term":[{"taxonomy":"product_brand","embeddable":true,"href":"http:\/\/shinyyoustationery.com\/pt\/wp-json\/wp\/v2\/product_brand?post=32971"},{"taxonomy":"product_cat","embeddable":true,"href":"http:\/\/shinyyoustationery.com\/pt\/wp-json\/wp\/v2\/product_cat?post=32971"},{"taxonomy":"product_tag","embeddable":true,"href":"http:\/\/shinyyoustationery.com\/pt\/wp-json\/wp\/v2\/product_tag?post=32971"}],"curies":[{"name":"wp","href":"https:\/\/api.w.org\/{rel}","templated":true}]}}