{"id":33040,"date":"2025-06-22T21:45:36","date_gmt":"2025-06-23T05:45:36","guid":{"rendered":"http:\/\/45.63.70.205\/?post_type=product&#038;p=33040"},"modified":"2025-07-03T19:47:29","modified_gmt":"2025-07-03T11:47:29","slug":"wholesale-custom-pencil-case-and-pen-green-stationery-set","status":"publish","type":"product","link":"http:\/\/shinyyoustationery.com\/pt\/wholesale-custom-pencil-case-and-pen-green-stationery-set\/","title":{"rendered":"Conjunto de artigos de papelaria por atacado com estojo personalizado e caneta verde"},"content":{"rendered":"","protected":false},"excerpt":{"rendered":"<p>O estojo para l\u00e1pis oferece uma solu\u00e7\u00e3o pr\u00e1tica e elegante para guardar os seus artigos de papelaria, enquanto a caneta acrescenta um toque funcional. Perfeito para quem gosta de designs minimalistas e material de escrit\u00f3rio coordenado. Ideal para estudantes, profissionais ou para oferecer.<\/p>","protected":false},"featured_media":33041,"template":"","meta":[],"product_brand":[],"product_cat":[331,406,681],"product_tag":[],"class_list":{"0":"post-33040","1":"product","2":"type-product","3":"status-publish","4":"has-post-thumbnail","6":"product_cat-stationery-set","7":"product_cat-gifts","8":"product_cat-green-collection","10":"first","11":"instock","12":"shipping-taxable","13":"product-type-simple"},"_links":{"self":[{"href":"http:\/\/shinyyoustationery.com\/pt\/wp-json\/wp\/v2\/product\/33040","targetHints":{"allow":["GET"]}}],"collection":[{"href":"http:\/\/shinyyoustationery.com\/pt\/wp-json\/wp\/v2\/product"}],"about":[{"href":"http:\/\/shinyyoustationery.com\/pt\/wp-json\/wp\/v2\/types\/product"}],"version-history":[{"count":0,"href":"http:\/\/shinyyoustationery.com\/pt\/wp-json\/wp\/v2\/product\/33040\/revisions"}],"wp:featuredmedia":[{"embeddable":true,"href":"http:\/\/shinyyoustationery.com\/pt\/wp-json\/wp\/v2\/media\/33041"}],"wp:attachment":[{"href":"http:\/\/shinyyoustationery.com\/pt\/wp-json\/wp\/v2\/media?parent=33040"}],"wp:term":[{"taxonomy":"product_brand","embeddable":true,"href":"http:\/\/shinyyoustationery.com\/pt\/wp-json\/wp\/v2\/product_brand?post=33040"},{"taxonomy":"product_cat","embeddable":true,"href":"http:\/\/shinyyoustationery.com\/pt\/wp-json\/wp\/v2\/product_cat?post=33040"},{"taxonomy":"product_tag","embeddable":true,"href":"http:\/\/shinyyoustationery.com\/pt\/wp-json\/wp\/v2\/product_tag?post=33040"}],"curies":[{"name":"wp","href":"https:\/\/api.w.org\/{rel}","templated":true}]}}