{"id":33044,"date":"2025-06-22T22:05:53","date_gmt":"2025-06-23T06:05:53","guid":{"rendered":"http:\/\/45.63.70.205\/?post_type=product&#038;p=33044"},"modified":"2025-07-07T15:16:50","modified_gmt":"2025-07-07T07:16:50","slug":"wholesale-custom-floral-insulated-lunch-bag-compact-cute-eco-friendly","status":"publish","type":"product","link":"http:\/\/shinyyoustationery.com\/pt\/wholesale-custom-floral-insulated-lunch-bag-compact-cute-eco-friendly\/","title":{"rendered":"Saco de almo\u00e7o isolado floral personalizado por atacado - Compacto, bonito e ecol\u00f3gico"},"content":{"rendered":"","protected":false},"excerpt":{"rendered":"<p>D\u00ea charme \u00e0s suas refei\u00e7\u00f5es com esta ador\u00e1vel lancheira verde com um alegre design floral. Leve mas duradoura, \u00e9 perfeita para manter as suas refei\u00e7\u00f5es frescas em viagem. Com o seu fecho de correr seguro, pegas f\u00e1ceis de transportar e forro isolado, esta lancheira \u00e9 ideal para a escola, trabalho ou piqueniques. Elegante, pr\u00e1tica e reutiliz\u00e1vel - uma \u00f3ptima escolha para os amantes de almo\u00e7os com consci\u00eancia ecol\u00f3gica!<\/p>","protected":false},"featured_media":33047,"template":"","meta":[],"product_brand":[],"product_cat":[681,477,536],"product_tag":[],"class_list":{"0":"post-33044","1":"product","2":"type-product","3":"status-publish","4":"has-post-thumbnail","6":"product_cat-green-collection","7":"product_cat-school-bags","8":"product_cat-lunch-bag-box","10":"first","11":"instock","12":"shipping-taxable","13":"product-type-simple"},"_links":{"self":[{"href":"http:\/\/shinyyoustationery.com\/pt\/wp-json\/wp\/v2\/product\/33044","targetHints":{"allow":["GET"]}}],"collection":[{"href":"http:\/\/shinyyoustationery.com\/pt\/wp-json\/wp\/v2\/product"}],"about":[{"href":"http:\/\/shinyyoustationery.com\/pt\/wp-json\/wp\/v2\/types\/product"}],"version-history":[{"count":0,"href":"http:\/\/shinyyoustationery.com\/pt\/wp-json\/wp\/v2\/product\/33044\/revisions"}],"wp:featuredmedia":[{"embeddable":true,"href":"http:\/\/shinyyoustationery.com\/pt\/wp-json\/wp\/v2\/media\/33047"}],"wp:attachment":[{"href":"http:\/\/shinyyoustationery.com\/pt\/wp-json\/wp\/v2\/media?parent=33044"}],"wp:term":[{"taxonomy":"product_brand","embeddable":true,"href":"http:\/\/shinyyoustationery.com\/pt\/wp-json\/wp\/v2\/product_brand?post=33044"},{"taxonomy":"product_cat","embeddable":true,"href":"http:\/\/shinyyoustationery.com\/pt\/wp-json\/wp\/v2\/product_cat?post=33044"},{"taxonomy":"product_tag","embeddable":true,"href":"http:\/\/shinyyoustationery.com\/pt\/wp-json\/wp\/v2\/product_tag?post=33044"}],"curies":[{"name":"wp","href":"https:\/\/api.w.org\/{rel}","templated":true}]}}