{"id":33058,"date":"2025-06-22T22:37:47","date_gmt":"2025-06-23T06:37:47","guid":{"rendered":"http:\/\/45.63.70.205\/?post_type=product&#038;p=33058"},"modified":"2025-07-07T15:17:05","modified_gmt":"2025-07-07T07:17:05","slug":"wholesale-custom-durable-insulated-lunch-bag-for-easy-carrying-and-freshness","status":"publish","type":"product","link":"http:\/\/shinyyoustationery.com\/pt\/wholesale-custom-durable-insulated-lunch-bag-for-easy-carrying-and-freshness\/","title":{"rendered":"Saco de almo\u00e7o isolado dur\u00e1vel por atacado e personalizado para f\u00e1cil transporte e frescura"},"content":{"rendered":"","protected":false},"excerpt":{"rendered":"<p>Esta vers\u00e1til lancheira possui um design isolado para manter a sua comida fresca enquanto se desloca. Perfeito para a escola, trabalho ou viagens, oferece comodidade e praticidade com um amplo espa\u00e7o de arruma\u00e7\u00e3o e uma pega de transporte confort\u00e1vel.<\/p>","protected":false},"featured_media":33059,"template":"","meta":[],"product_brand":[],"product_cat":[681,477,536],"product_tag":[],"class_list":{"0":"post-33058","1":"product","2":"type-product","3":"status-publish","4":"has-post-thumbnail","6":"product_cat-green-collection","7":"product_cat-school-bags","8":"product_cat-lunch-bag-box","10":"first","11":"instock","12":"shipping-taxable","13":"product-type-simple"},"_links":{"self":[{"href":"http:\/\/shinyyoustationery.com\/pt\/wp-json\/wp\/v2\/product\/33058","targetHints":{"allow":["GET"]}}],"collection":[{"href":"http:\/\/shinyyoustationery.com\/pt\/wp-json\/wp\/v2\/product"}],"about":[{"href":"http:\/\/shinyyoustationery.com\/pt\/wp-json\/wp\/v2\/types\/product"}],"version-history":[{"count":0,"href":"http:\/\/shinyyoustationery.com\/pt\/wp-json\/wp\/v2\/product\/33058\/revisions"}],"wp:featuredmedia":[{"embeddable":true,"href":"http:\/\/shinyyoustationery.com\/pt\/wp-json\/wp\/v2\/media\/33059"}],"wp:attachment":[{"href":"http:\/\/shinyyoustationery.com\/pt\/wp-json\/wp\/v2\/media?parent=33058"}],"wp:term":[{"taxonomy":"product_brand","embeddable":true,"href":"http:\/\/shinyyoustationery.com\/pt\/wp-json\/wp\/v2\/product_brand?post=33058"},{"taxonomy":"product_cat","embeddable":true,"href":"http:\/\/shinyyoustationery.com\/pt\/wp-json\/wp\/v2\/product_cat?post=33058"},{"taxonomy":"product_tag","embeddable":true,"href":"http:\/\/shinyyoustationery.com\/pt\/wp-json\/wp\/v2\/product_tag?post=33058"}],"curies":[{"name":"wp","href":"https:\/\/api.w.org\/{rel}","templated":true}]}}