{"id":33063,"date":"2025-06-22T22:50:59","date_gmt":"2025-06-23T06:50:59","guid":{"rendered":"http:\/\/45.63.70.205\/?post_type=product&#038;p=33063"},"modified":"2025-06-22T22:50:59","modified_gmt":"2025-06-23T06:50:59","slug":"wholesale-custom-stylish-green-floral-drawstring-bag-with-zipper-pocket","status":"publish","type":"product","link":"http:\/\/shinyyoustationery.com\/pt\/wholesale-custom-stylish-green-floral-drawstring-bag-with-zipper-pocket\/","title":{"rendered":"Saco com cord\u00e3o floral verde com bolso com fecho de correr"},"content":{"rendered":"","protected":false},"excerpt":{"rendered":"<p>Este saco com cord\u00e3o amigo do ambiente \u00e9 perfeito para uso di\u00e1rio. Com um design verde vibrante com grandes estampados florais, inclui um pr\u00e1tico bolso com fecho de correr para maior arruma\u00e7\u00e3o. Ideal para transportar objectos essenciais, mantendo um visual casual e elegante.<\/p>","protected":false},"featured_media":33066,"template":"","meta":[],"product_brand":[],"product_cat":[681,533,535],"product_tag":[],"class_list":{"0":"post-33063","1":"product","2":"type-product","3":"status-publish","4":"has-post-thumbnail","6":"product_cat-green-collection","7":"product_cat-organizer-bag","8":"product_cat-storage-bag","10":"first","11":"instock","12":"shipping-taxable","13":"product-type-simple"},"_links":{"self":[{"href":"http:\/\/shinyyoustationery.com\/pt\/wp-json\/wp\/v2\/product\/33063","targetHints":{"allow":["GET"]}}],"collection":[{"href":"http:\/\/shinyyoustationery.com\/pt\/wp-json\/wp\/v2\/product"}],"about":[{"href":"http:\/\/shinyyoustationery.com\/pt\/wp-json\/wp\/v2\/types\/product"}],"version-history":[{"count":0,"href":"http:\/\/shinyyoustationery.com\/pt\/wp-json\/wp\/v2\/product\/33063\/revisions"}],"wp:featuredmedia":[{"embeddable":true,"href":"http:\/\/shinyyoustationery.com\/pt\/wp-json\/wp\/v2\/media\/33066"}],"wp:attachment":[{"href":"http:\/\/shinyyoustationery.com\/pt\/wp-json\/wp\/v2\/media?parent=33063"}],"wp:term":[{"taxonomy":"product_brand","embeddable":true,"href":"http:\/\/shinyyoustationery.com\/pt\/wp-json\/wp\/v2\/product_brand?post=33063"},{"taxonomy":"product_cat","embeddable":true,"href":"http:\/\/shinyyoustationery.com\/pt\/wp-json\/wp\/v2\/product_cat?post=33063"},{"taxonomy":"product_tag","embeddable":true,"href":"http:\/\/shinyyoustationery.com\/pt\/wp-json\/wp\/v2\/product_tag?post=33063"}],"curies":[{"name":"wp","href":"https:\/\/api.w.org\/{rel}","templated":true}]}}