{"id":33125,"date":"2025-06-23T01:39:47","date_gmt":"2025-06-23T09:39:47","guid":{"rendered":"http:\/\/45.63.70.205\/?post_type=product&#038;p=33125"},"modified":"2025-06-23T01:39:47","modified_gmt":"2025-06-23T09:39:47","slug":"wholesale-custom-lemon-weekly-planner-pad-for-desk-use-at-home-school-or-office","status":"publish","type":"product","link":"http:\/\/shinyyoustationery.com\/pt\/wholesale-custom-lemon-weekly-planner-pad-for-desk-use-at-home-school-or-office\/","title":{"rendered":"Bloco de notas semanal com lim\u00e3o personalizado para utiliza\u00e7\u00e3o em casa, na escola ou no escrit\u00f3rio"},"content":{"rendered":"","protected":false},"excerpt":{"rendered":"<p>Planeie a sua semana em grande estilo com este alegre bloco de planifica\u00e7\u00e3o semanal com tema de lim\u00e3o. Com sec\u00e7\u00f5es claramente divididas para cada dia, juntamente com \u00e1reas dedicadas para prioridades e notas, \u00e9 uma ferramenta ideal para se manter organizado e concentrado. Quer esteja a gerir trabalhos escolares, tarefas de escrit\u00f3rio ou objectivos pessoais, esta agenda de secret\u00e1ria vibrante mant\u00e9m tudo \u00e0 vista e no caminho certo.<\/p>","protected":false},"featured_media":33126,"template":"","meta":[],"product_brand":[],"product_cat":[682,669],"product_tag":[],"class_list":{"0":"post-33125","1":"product","2":"type-product","3":"status-publish","4":"has-post-thumbnail","6":"product_cat-lemon-collection","7":"product_cat-planners","9":"first","10":"instock","11":"shipping-taxable","12":"product-type-simple"},"_links":{"self":[{"href":"http:\/\/shinyyoustationery.com\/pt\/wp-json\/wp\/v2\/product\/33125","targetHints":{"allow":["GET"]}}],"collection":[{"href":"http:\/\/shinyyoustationery.com\/pt\/wp-json\/wp\/v2\/product"}],"about":[{"href":"http:\/\/shinyyoustationery.com\/pt\/wp-json\/wp\/v2\/types\/product"}],"version-history":[{"count":0,"href":"http:\/\/shinyyoustationery.com\/pt\/wp-json\/wp\/v2\/product\/33125\/revisions"}],"wp:featuredmedia":[{"embeddable":true,"href":"http:\/\/shinyyoustationery.com\/pt\/wp-json\/wp\/v2\/media\/33126"}],"wp:attachment":[{"href":"http:\/\/shinyyoustationery.com\/pt\/wp-json\/wp\/v2\/media?parent=33125"}],"wp:term":[{"taxonomy":"product_brand","embeddable":true,"href":"http:\/\/shinyyoustationery.com\/pt\/wp-json\/wp\/v2\/product_brand?post=33125"},{"taxonomy":"product_cat","embeddable":true,"href":"http:\/\/shinyyoustationery.com\/pt\/wp-json\/wp\/v2\/product_cat?post=33125"},{"taxonomy":"product_tag","embeddable":true,"href":"http:\/\/shinyyoustationery.com\/pt\/wp-json\/wp\/v2\/product_tag?post=33125"}],"curies":[{"name":"wp","href":"https:\/\/api.w.org\/{rel}","templated":true}]}}