{"id":33129,"date":"2025-06-23T01:51:10","date_gmt":"2025-06-23T09:51:10","guid":{"rendered":"http:\/\/45.63.70.205\/?post_type=product&#038;p=33129"},"modified":"2025-06-23T01:51:10","modified_gmt":"2025-06-23T09:51:10","slug":"wholesale-custom-lemon-themed-to-do-list-for-kitchen-counters-offices-or-daily-errands","status":"publish","type":"product","link":"http:\/\/shinyyoustationery.com\/pt\/wholesale-custom-lemon-themed-to-do-list-for-kitchen-counters-offices-or-daily-errands\/","title":{"rendered":"Lista de tarefas por atacado personalizada com tema de lim\u00e3o para balc\u00f5es de cozinha, escrit\u00f3rios ou tarefas di\u00e1rias"},"content":{"rendered":"","protected":false},"excerpt":{"rendered":"<p>Anote tarefas, listas de compras ou lembretes com estilo com este conjunto de l\u00e1pis e lista de afazeres com tema de lim\u00e3o fresco. Com uma prancheta encantadora com um bloco de notas forrado e um pr\u00e1tico porta-l\u00e1pis, \u00e9 perfeito para manh\u00e3s atarefadas na cozinha, notas r\u00e1pidas na sua secret\u00e1ria ou para planear recados em viagem. Um companheiro alegre e funcional para a organiza\u00e7\u00e3o quotidiana.<\/p>","protected":false},"featured_media":33130,"template":"","meta":[],"product_brand":[],"product_cat":[682,669],"product_tag":[],"class_list":{"0":"post-33129","1":"product","2":"type-product","3":"status-publish","4":"has-post-thumbnail","6":"product_cat-lemon-collection","7":"product_cat-planners","9":"first","10":"instock","11":"shipping-taxable","12":"product-type-simple"},"_links":{"self":[{"href":"http:\/\/shinyyoustationery.com\/pt\/wp-json\/wp\/v2\/product\/33129","targetHints":{"allow":["GET"]}}],"collection":[{"href":"http:\/\/shinyyoustationery.com\/pt\/wp-json\/wp\/v2\/product"}],"about":[{"href":"http:\/\/shinyyoustationery.com\/pt\/wp-json\/wp\/v2\/types\/product"}],"version-history":[{"count":0,"href":"http:\/\/shinyyoustationery.com\/pt\/wp-json\/wp\/v2\/product\/33129\/revisions"}],"wp:featuredmedia":[{"embeddable":true,"href":"http:\/\/shinyyoustationery.com\/pt\/wp-json\/wp\/v2\/media\/33130"}],"wp:attachment":[{"href":"http:\/\/shinyyoustationery.com\/pt\/wp-json\/wp\/v2\/media?parent=33129"}],"wp:term":[{"taxonomy":"product_brand","embeddable":true,"href":"http:\/\/shinyyoustationery.com\/pt\/wp-json\/wp\/v2\/product_brand?post=33129"},{"taxonomy":"product_cat","embeddable":true,"href":"http:\/\/shinyyoustationery.com\/pt\/wp-json\/wp\/v2\/product_cat?post=33129"},{"taxonomy":"product_tag","embeddable":true,"href":"http:\/\/shinyyoustationery.com\/pt\/wp-json\/wp\/v2\/product_tag?post=33129"}],"curies":[{"name":"wp","href":"https:\/\/api.w.org\/{rel}","templated":true}]}}