{"id":33152,"date":"2025-06-23T02:35:34","date_gmt":"2025-06-23T10:35:34","guid":{"rendered":"http:\/\/45.63.70.205\/?post_type=product&#038;p=33152"},"modified":"2025-06-23T02:35:34","modified_gmt":"2025-06-23T10:35:34","slug":"wholesale-custom-a5-pu-hardcover-notebook-with-lemon-print-for-journaling-school-or-everyday-notes","status":"publish","type":"product","link":"http:\/\/shinyyoustationery.com\/pt\/wholesale-custom-a5-pu-hardcover-notebook-with-lemon-print-for-journaling-school-or-everyday-notes\/","title":{"rendered":"Wholesale Custom A5 PU Hardcover Notebook with Lemon Print for Journaling, School, or Everyday Notes (caderno de capa dura A5 PU com impress\u00e3o de lim\u00e3o para di\u00e1rio, escola ou notas di\u00e1rias)"},"content":{"rendered":"","protected":false},"excerpt":{"rendered":"<p>Brilhante, arrojado e bem encadernado, este caderno A5 PU de capa dura apresenta um alegre padr\u00e3o de lim\u00e3o e uma al\u00e7a segura com fecho de press\u00e3o. Com a sua capa dur\u00e1vel e tamanho port\u00e1til, \u00e9 perfeito para anotar ideias, notas de aula, reflex\u00f5es di\u00e1rias ou listas de afazeres. Um companheiro fresco e elegante para a sua secret\u00e1ria, mala ou mochila.<\/p>","protected":false},"featured_media":33153,"template":"","meta":[],"product_brand":[],"product_cat":[667],"product_tag":[],"class_list":{"0":"post-33152","1":"product","2":"type-product","3":"status-publish","4":"has-post-thumbnail","6":"product_cat-hardcover-notebook","8":"first","9":"instock","10":"shipping-taxable","11":"product-type-simple"},"_links":{"self":[{"href":"http:\/\/shinyyoustationery.com\/pt\/wp-json\/wp\/v2\/product\/33152","targetHints":{"allow":["GET"]}}],"collection":[{"href":"http:\/\/shinyyoustationery.com\/pt\/wp-json\/wp\/v2\/product"}],"about":[{"href":"http:\/\/shinyyoustationery.com\/pt\/wp-json\/wp\/v2\/types\/product"}],"version-history":[{"count":0,"href":"http:\/\/shinyyoustationery.com\/pt\/wp-json\/wp\/v2\/product\/33152\/revisions"}],"wp:featuredmedia":[{"embeddable":true,"href":"http:\/\/shinyyoustationery.com\/pt\/wp-json\/wp\/v2\/media\/33153"}],"wp:attachment":[{"href":"http:\/\/shinyyoustationery.com\/pt\/wp-json\/wp\/v2\/media?parent=33152"}],"wp:term":[{"taxonomy":"product_brand","embeddable":true,"href":"http:\/\/shinyyoustationery.com\/pt\/wp-json\/wp\/v2\/product_brand?post=33152"},{"taxonomy":"product_cat","embeddable":true,"href":"http:\/\/shinyyoustationery.com\/pt\/wp-json\/wp\/v2\/product_cat?post=33152"},{"taxonomy":"product_tag","embeddable":true,"href":"http:\/\/shinyyoustationery.com\/pt\/wp-json\/wp\/v2\/product_tag?post=33152"}],"curies":[{"name":"wp","href":"https:\/\/api.w.org\/{rel}","templated":true}]}}