{"id":33163,"date":"2025-06-23T03:01:14","date_gmt":"2025-06-23T11:01:14","guid":{"rendered":"http:\/\/45.63.70.205\/?post_type=product&#038;p=33163"},"modified":"2025-06-23T03:01:14","modified_gmt":"2025-06-23T11:01:14","slug":"wholesale-custom-a6-softcover-notebook-for-ideas-lists-or-pocket-notes","status":"publish","type":"product","link":"http:\/\/shinyyoustationery.com\/pt\/wholesale-custom-a6-softcover-notebook-for-ideas-lists-or-pocket-notes\/","title":{"rendered":"Wholesale Custom A6 Softcover Notebook for Ideas, Lists, or Pocket Notes"},"content":{"rendered":"","protected":false},"excerpt":{"rendered":"<p>Inspire a pensar em grande com este arrojado caderno A6 de capa mole com a mensagem edificante: \"Think Big, Write Bigger\". Compacto e colorido, com uma capa amarelo-lim\u00e3o vibrante e lombada azul-celeste, \u00e9 ideal para anotar ideias, tarefas di\u00e1rias ou explos\u00f5es de criatividade em movimento. Um pequeno caderno motivador que cabe perfeitamente na sua mala ou no seu bolso.<\/p>","protected":false},"featured_media":33164,"template":"","meta":[],"product_brand":[],"product_cat":[668,682],"product_tag":[],"class_list":{"0":"post-33163","1":"product","2":"type-product","3":"status-publish","4":"has-post-thumbnail","6":"product_cat-softcover-notebook","7":"product_cat-lemon-collection","9":"first","10":"instock","11":"shipping-taxable","12":"product-type-simple"},"_links":{"self":[{"href":"http:\/\/shinyyoustationery.com\/pt\/wp-json\/wp\/v2\/product\/33163","targetHints":{"allow":["GET"]}}],"collection":[{"href":"http:\/\/shinyyoustationery.com\/pt\/wp-json\/wp\/v2\/product"}],"about":[{"href":"http:\/\/shinyyoustationery.com\/pt\/wp-json\/wp\/v2\/types\/product"}],"version-history":[{"count":0,"href":"http:\/\/shinyyoustationery.com\/pt\/wp-json\/wp\/v2\/product\/33163\/revisions"}],"wp:featuredmedia":[{"embeddable":true,"href":"http:\/\/shinyyoustationery.com\/pt\/wp-json\/wp\/v2\/media\/33164"}],"wp:attachment":[{"href":"http:\/\/shinyyoustationery.com\/pt\/wp-json\/wp\/v2\/media?parent=33163"}],"wp:term":[{"taxonomy":"product_brand","embeddable":true,"href":"http:\/\/shinyyoustationery.com\/pt\/wp-json\/wp\/v2\/product_brand?post=33163"},{"taxonomy":"product_cat","embeddable":true,"href":"http:\/\/shinyyoustationery.com\/pt\/wp-json\/wp\/v2\/product_cat?post=33163"},{"taxonomy":"product_tag","embeddable":true,"href":"http:\/\/shinyyoustationery.com\/pt\/wp-json\/wp\/v2\/product_tag?post=33163"}],"curies":[{"name":"wp","href":"https:\/\/api.w.org\/{rel}","templated":true}]}}